{"id":2458,"date":"2023-02-07T12:20:54","date_gmt":"2023-02-07T09:20:54","guid":{"rendered":"https:\/\/sengelclinics.com\/iletisim\/"},"modified":"2023-06-16T14:41:02","modified_gmt":"2023-06-16T11:41:02","slug":"%d8%aa%d9%88%d8%a7%d8%b5%d9%84-%d9%85%d8%b9%d9%86%d8%a7","status":"publish","type":"page","link":"https:\/\/sengelclinics.com\/ar\/%d8%aa%d9%88%d8%a7%d8%b5%d9%84-%d9%85%d8%b9%d9%86%d8%a7\/","title":{"rendered":"\u062a\u0648\u0627\u0635\u0644 \u0645\u0639\u0646\u0627"},"content":{"rendered":"<p>[vc_row css=&#8221;.vc_custom_1686602369700{background-image: url(https:\/\/sengelclinics.com\/wp-content\/uploads\/2023\/02\/tedavi-ust.jpg?id=866) !important;}&#8221; row_hide=&#8221;hidden-xs hidden-sm&#8221;][vc_column css=&#8221;.vc_custom_1675671306875{padding-top: 20vh !important;padding-bottom: 20vh !important;}&#8221;][\/vc_column][\/vc_row][vc_row bg_position=&#8221;center center&#8221; css=&#8221;.vc_custom_1686600958013{background-image: url(https:\/\/sengelclinics.com\/wp-content\/uploads\/2023\/06\/iltisim-banner-alt-mobil.jpg?id=2524) !important;}&#8221; row_hide=&#8221;hidden-md hidden-lg&#8221;][vc_column css=&#8221;.vc_custom_1675671306875{padding-top: 20vh !important;padding-bottom: 20vh !important;}&#8221;][\/vc_column][\/vc_row][vc_row content_placement=&#8221;middle&#8221; responsive_css=&#8221;padding_top_medium:80px|padding_bottom_medium:80px&#8221; css=&#8221;.vc_custom_1608199084580{padding-top: 60px !important;padding-bottom: 60px !important;}&#8221;][vc_column width=&#8221;1\/2&#8243; responsive_css=&#8221;margin_bottom_medium:0px|padding_right_medium:60px|padding_left_medium:60px|padding_top_small:55px|padding_right_small:20px|padding_bottom_small:35px|padding_left_small:20px&#8221; css=&#8221;.vc_custom_1608199163750{margin-bottom: 30px !important;border-top-width: 1px !important;border-right-width: 1px !important;border-bottom-width: 1px !important;border-left-width: 1px !important;padding-top: 45px !important;padding-right: 20px !important;padding-bottom: 25px !important;padding-left: 20px !important;border-left-color: #dddddd !important;border-left-style: solid !important;border-right-color: #dddddd !important;border-right-style: solid !important;border-top-color: #dddddd !important;border-top-style: solid !important;border-bottom-color: #dddddd !important;border-bottom-style: solid !important;border-radius: 3px !important;}&#8221;]<style>.ld_icon_box_69e8a80a2c73b .iconbox-icon-container{color:rgb(204, 204, 204);font-size:16px;border-radius:px;}.ld_icon_box_69e8a80a2c73b .iconbox-icon-wrap{margin-inline-end:15px !important;}.ld_icon_box_69e8a80a2c73b .lqd-iconbox-title{color:rgba(0, 0, 0, 0.6);margin-bottom:px;font-size:12px;}<\/style>\n<div class=\"iconbox iconbox-side text-align-default ld_icon_box_69e8a80a2c73b vc_custom_1676460328555\" id=\"ld_icon_box_69e8a80a2c73b\"  data-animate-icon=\"true\" data-plugin-options='{\"color\":\"rgb(204, 204, 204)\"}'  >\n\t\n\t\t\t\t\t\n\t\n\t<div class=\"iconbox-icon-wrap\"><span class=\"iconbox-icon-container\"><i class=\"fas fa-map-marker-alt\"><\/i><\/span><\/div>\t\n\t\t\n\t<div class=\"contents\">\t\n\t\t\n\t\t<p>Duatepe Mah. \u0130ncirli Dede Cad. No:9\/A, Bomonti-\u015ei\u015fli\/\u0130stanbul<\/p>\n\t\t\n\t<\/div>\t\n\t\n<\/div>\n<style>.ld_icon_box_69e8a80a2d569 .iconbox-icon-container{color:rgb(204, 204, 204);font-size:16px;border-radius:px;}.ld_icon_box_69e8a80a2d569 .iconbox-icon-wrap{margin-inline-end:15px !important;}.ld_icon_box_69e8a80a2d569 .lqd-iconbox-title{color:rgba(0, 0, 0, 0.6);margin-bottom:px;font-size:15px;}<\/style>\n<div class=\"iconbox iconbox-side text-align-default ld_icon_box_69e8a80a2d569 vc_custom_1675763954672\" id=\"ld_icon_box_69e8a80a2d569\"  data-animate-icon=\"true\" data-plugin-options='{\"color\":\"rgb(204, 204, 204)\"}'  >\n\t\n\t\t\t\t\t\n\t\n\t<div class=\"iconbox-icon-wrap\"><span class=\"iconbox-icon-container\"><i class=\"fas fa-envelope\"><\/i><\/span><\/div>\t\n\t\t\n\t<div class=\"contents\">\t\n\t\t\n\t\t<p>Email: info@sengelclinics.com<\/p>\n\t\t\n\t<\/div>\t\n\t\n<\/div>\n<style>.ld_icon_box_69e8a80a2dd88 .iconbox-icon-wrap{margin-inline-end:15px !important;}.ld_icon_box_69e8a80a2dd88 .lqd-iconbox-title{color:rgba(0, 0, 0, 0.6);margin-bottom:px;font-size:15px;}.ld_icon_box_69e8a80a2dd88 .iconbox-icon-container{border-radius:px;}<\/style>\n<div class=\"iconbox iconbox-side text-align-default ld_icon_box_69e8a80a2dd88 vc_custom_1675764079569\" id=\"ld_icon_box_69e8a80a2dd88\"   >\n\t\n\t\t\t\t\t\n\t\n\t<div class=\"iconbox-icon-wrap\"><span class=\"iconbox-icon-container\"><img decoding=\"async\" src=\"https:\/\/sengelclinics.com\/wp-content\/uploads\/2023\/02\/tr-1.png\" class=\"liquid-image-icon\" \/><\/span><\/div>\t\n\t\t\n\t<div class=\"contents\">\t\n\t\t\n\t\t<p>Telefon: +90 (554) 637 43 26<\/p>\n\t\t\n\t<\/div>\t\n\t\n<\/div>\n<style>.ld_icon_box_69e8a80a2e53c .iconbox-icon-wrap{margin-inline-end:15px !important;}.ld_icon_box_69e8a80a2e53c .lqd-iconbox-title{color:rgba(0, 0, 0, 0.6);margin-bottom:px;font-size:15px;}.ld_icon_box_69e8a80a2e53c .iconbox-icon-container{border-radius:px;}<\/style>\n<div class=\"iconbox iconbox-side text-align-default ld_icon_box_69e8a80a2e53c vc_custom_1675763980289\" id=\"ld_icon_box_69e8a80a2e53c\"   >\n\t\n\t\t\t\t\t\n\t\n\t<div class=\"iconbox-icon-wrap\"><span class=\"iconbox-icon-container\"><img decoding=\"async\" src=\"https:\/\/sengelclinics.com\/wp-content\/uploads\/2023\/02\/en.png\" class=\"liquid-image-icon\" \/><\/span><\/div>\t\n\t\t\n\t<div class=\"contents\">\t\n\t\t\n\t\t<p>Telefon: +90 (552) 826 40 26<\/p>\n\t\t\n\t<\/div>\t\n\t\n<\/div>\n<style>.ld_icon_box_69e8a80a2eac4 .iconbox-icon-wrap{margin-inline-end:15px !important;}.ld_icon_box_69e8a80a2eac4 .lqd-iconbox-title{color:rgba(0, 0, 0, 0.6);margin-bottom:px;font-size:15px;}.ld_icon_box_69e8a80a2eac4 .iconbox-icon-container{border-radius:px;}<\/style>\n<div class=\"iconbox iconbox-side text-align-default ld_icon_box_69e8a80a2eac4 vc_custom_1675763991093\" id=\"ld_icon_box_69e8a80a2eac4\"   >\n\t\n\t\t\t\t\t\n\t\n\t<div class=\"iconbox-icon-wrap\"><span class=\"iconbox-icon-container\"><img decoding=\"async\" src=\"https:\/\/sengelclinics.com\/wp-content\/uploads\/2023\/02\/ar.png\" class=\"liquid-image-icon\" \/><\/span><\/div>\t\n\t\t\n\t<div class=\"contents\">\t\n\t\t\n\t\t<p>Telefon: +90 (552) 826 41 26<\/p>\n\t\t\n\t<\/div>\t\n\t\n<\/div>\n[\/vc_column][vc_column width=&#8221;1\/2&#8243; offset=&#8221;vc_col-md-offset-1 vc_col-md-5&#8243; responsive_css=&#8221;padding_right_medium:12%25&#8243; css=&#8221;.vc_custom_1675764527879{border-top-width: 1px !important;border-right-width: 1px !important;border-bottom-width: 1px !important;border-left-width: 1px !important;padding-top: 10px !important;padding-right: 35px !important;padding-bottom: 10px !important;padding-left: 35px !important;background-color: rgba(232,232,232,0.94) !important;*background-color: rgb(232,232,232) !important;border-radius: 10px !important;}&#8221;]<style>.ld_cf7_69e8a80a2efb6 input,.ld_cf7_69e8a80a2efb6 textarea,.ld_cf7_69e8a80a2efb6 .ui-button.ui-selectmenu-button{font-size:13px;}.ld_cf7_69e8a80a2efb6 input[type=\"submit\"]{font-size:14px;}.ld_cf7_69e8a80a2efb6 input, .ld_cf7_69e8a80a2efb6 select, .ld_cf7_69e8a80a2efb6 textarea, .ld_cf7_69e8a80a2efb6 .ui-button.ui-selectmenu-button{background:rgb(247, 248, 248);}.ld_cf7_69e8a80a2efb6 input, .ld_cf7_69e8a80a2efb6 select, .ld_cf7_69e8a80a2efb6 textarea, .ld_cf7_69e8a80a2efb6 .ui-button.ui-selectmenu-button, .ld_cf7_69e8a80a2efb6 .wpcf7-form-control-wrap > i, .ld_cf7_69e8a80a2efb6 .wpcf7-radio{color:rgb(123, 131, 142);}.ld_cf7_69e8a80a2efb6 input:focus, .ld_cf7_69e8a80a2efb6 select:focus, .ld_cf7_69e8a80a2efb6 textarea:focus, .ld_cf7_69e8a80a2efb6 .ui-button.ui-selectmenu-button:hover, .wpcf7-acceptance .wpcf7-list-item-label:after{color:rgb(0, 0, 0);}<\/style><div id=\"ld_cf7_69e8a80a2efb6\" class=\"lqd-contact-form lqd-contact-form-inputs-filled lqd-contact-form-inputs-round lqd-contact-form-button-block lqd-contact-form-button-round ld_cf7_69e8a80a2efb6 vc_custom_1675761643501\">\n\t\n<div class=\"wpcf7 no-js\" id=\"wpcf7-f2495-o1\" lang=\"ar\" dir=\"rtl\" data-wpcf7-id=\"2495\">\n<div class=\"screen-reader-response\"><p role=\"status\" aria-live=\"polite\" aria-atomic=\"true\"><\/p> <ul><\/ul><\/div>\n<form action=\"\/ar\/wp-json\/wp\/v2\/pages\/2458#wpcf7-f2495-o1\" method=\"post\" class=\"wpcf7-form init\" aria-label=\"\u0646\u0645\u0648\u0630\u062c \u0627\u0644\u0627\u062a\u0635\u0627\u0644\" novalidate=\"novalidate\" data-status=\"init\">\n<fieldset class=\"hidden-fields-container\"><input type=\"hidden\" name=\"_wpcf7\" value=\"2495\" \/><input type=\"hidden\" name=\"_wpcf7_version\" value=\"6.1.4\" \/><input type=\"hidden\" name=\"_wpcf7_locale\" value=\"ar\" \/><input type=\"hidden\" name=\"_wpcf7_unit_tag\" value=\"wpcf7-f2495-o1\" \/><input type=\"hidden\" name=\"_wpcf7_container_post\" value=\"0\" \/><input type=\"hidden\" name=\"_wpcf7_posted_data_hash\" value=\"\" \/>\n<\/fieldset>\n<div class=\"row\">\n\t<p class=\"col-md-6\"><br \/>\n<span class=\"wpcf7-form-control-wrap\" data-name=\"text-500\"><input size=\"40\" maxlength=\"400\" class=\"wpcf7-form-control wpcf7-text wpcf7-validates-as-required\" aria-required=\"true\" aria-invalid=\"false\" placeholder=\"Ad\u0131n\u0131z\" value=\"\" type=\"text\" name=\"text-500\" \/><\/span>\n\t<\/p>\n\t<p class=\"col-md-6\"><br \/>\n<span class=\"wpcf7-form-control-wrap\" data-name=\"email-48\"><input size=\"40\" maxlength=\"400\" class=\"wpcf7-form-control wpcf7-email wpcf7-validates-as-required wpcf7-text wpcf7-validates-as-email\" aria-required=\"true\" aria-invalid=\"false\" placeholder=\"E-Posta\" value=\"\" type=\"email\" name=\"email-48\" \/><\/span>\n\t<\/p>\n\t<p class=\"col-md-12\"><br \/>\n<span class=\"wpcf7-form-control-wrap intl_tel-713\"><input class=\"wpcf7-form-control wpcf7-intl_tel wpcf7-validates-as-required wpcf7-intl-tel\" aria-required=\"true\" aria-invalid=\"false\" placeholder=\"Numaran\u0131z\" data-initialcountry=\"tr\" value=\"\" type=\"tel\" name=\"intl_tel-713-cf7it-national\" \/><input name=\"intl_tel-713\" type=\"hidden\" class=\"wpcf7-intl-tel-full\" \/><input type=\"hidden\" name=\"intl_tel-713-cf7it-country-name\" class=\"wpcf7-intl-tel-country-name\" \/><input type=\"hidden\" name=\"intl_tel-713-cf7it-country-code\" class=\"wpcf7-intl-tel-country-code\" \/><input type=\"hidden\" name=\"intl_tel-713-cf7it-country-iso2\" class=\"wpcf7-intl-tel-country-iso2\" \/><\/span>\n\t<\/p>\n\t<p class=\"col-md-6\"><br \/>\n[select* placeholder \"Tedaviniz\" menu-700 \"Genel\" \"\u00dcroloji\" \"Di\u015f Sa\u011fl\u0131\u011f\u0131\" \"BBL\" \"Rhinoplasty\" \"Medikal Estetik\" \"Sa\u00e7 Ekimi\"]\n\t<\/p>\n\t<p class=\"col-md-12\"><br \/>\n<input class=\"wpcf7-form-control wpcf7-submit has-spinner\" type=\"submit\" value=\"G\u00f6nder\" \/>\n\t<\/p>\n<\/div><div class=\"wpcf7-response-output\" aria-hidden=\"true\"><\/div>\n<\/form>\n<\/div>\n<\/div>[\/vc_column][\/vc_row]<\/p>\n","protected":false},"excerpt":{"rendered":"<p>[vc_row css=&#8221;.vc_custom_1686602369700{background-image: url(https:\/\/sengelclinics.com\/wp-content\/uploads\/2023\/02\/tedavi-ust.jpg?id=866) !important;}&#8221; row_hide=&#8221;hidden-xs hidden-sm&#8221;][vc_column css=&#8221;.vc_custom_1675671306875{padding-top: 20vh !important;padding-bottom: 20vh !important;}&#8221;][\/vc_column][\/vc_row][vc_row bg_position=&#8221;center center&#8221; css=&#8221;.vc_custom_1686600958013{background-image: url(https:\/\/sengelclinics.com\/wp-content\/uploads\/2023\/06\/iltisim-banner-alt-mobil.jpg?id=2524) !important;}&#8221; row_hide=&#8221;hidden-md hidden-lg&#8221;][vc_column css=&#8221;.vc_custom_1675671306875{padding-top: 20vh !important;padding-bottom: 20vh !important;}&#8221;][\/vc_column][\/vc_row][vc_row content_placement=&#8221;middle&#8221; responsive_css=&#8221;padding_top_medium:80px|padding_bottom_medium:80px&#8221; css=&#8221;.vc_custom_1608199084580{padding-top: 60px !important;padding-bottom: 60px !important;}&#8221;][vc_column width=&#8221;1\/2&#8243; responsive_css=&#8221;margin_bottom_medium:0px|padding_right_medium:60px|padding_left_medium:60px|padding_top_small:55px|padding_right_small:20px|padding_bottom_small:35px|padding_left_small:20px&#8221; css=&#8221;.vc_custom_1608199163750{margin-bottom: 30px !important;border-top-width: 1px !important;border-right-width: 1px !important;border-bottom-width: 1px !important;border-left-width: 1px !important;padding-top: 45px !important;padding-right: 20px !important;padding-bottom: 25px !important;padding-left: 20px !important;border-left-color: #dddddd !important;border-left-style: solid !important;border-right-color: [&hellip;]<\/p>\n","protected":false},"author":1,"featured_media":0,"parent":0,"menu_order":0,"comment_status":"closed","ping_status":"closed","template":"","meta":{"footnotes":""},"class_list":["post-2458","page","type-page","status-publish","hentry"],"_links":{"self":[{"href":"https:\/\/sengelclinics.com\/ar\/wp-json\/wp\/v2\/pages\/2458","targetHints":{"allow":["GET"]}}],"collection":[{"href":"https:\/\/sengelclinics.com\/ar\/wp-json\/wp\/v2\/pages"}],"about":[{"href":"https:\/\/sengelclinics.com\/ar\/wp-json\/wp\/v2\/types\/page"}],"author":[{"embeddable":true,"href":"https:\/\/sengelclinics.com\/ar\/wp-json\/wp\/v2\/users\/1"}],"replies":[{"embeddable":true,"href":"https:\/\/sengelclinics.com\/ar\/wp-json\/wp\/v2\/comments?post=2458"}],"version-history":[{"count":3,"href":"https:\/\/sengelclinics.com\/ar\/wp-json\/wp\/v2\/pages\/2458\/revisions"}],"predecessor-version":[{"id":2589,"href":"https:\/\/sengelclinics.com\/ar\/wp-json\/wp\/v2\/pages\/2458\/revisions\/2589"}],"wp:attachment":[{"href":"https:\/\/sengelclinics.com\/ar\/wp-json\/wp\/v2\/media?parent=2458"}],"curies":[{"name":"wp","href":"https:\/\/api.w.org\/{rel}","templated":true}]}}