{"id":2309,"date":"2023-02-06T17:02:49","date_gmt":"2023-02-06T14:02:49","guid":{"rendered":"https:\/\/sengelclinics.com\/all-on-four-sistem-nedir\/"},"modified":"2023-08-09T15:50:57","modified_gmt":"2023-08-09T12:50:57","slug":"all-on-four-sistem-nedir","status":"publish","type":"page","link":"https:\/\/sengelclinics.com\/en\/all-on-four-sistem-nedir\/","title":{"rendered":"All- on- four Sistem nedir ?"},"content":{"rendered":"<p>[vc_row css=&#8221;.vc_custom_1691585416727{background-image: url(https:\/\/sengelclinics.com\/wp-content\/uploads\/2023\/08\/tedavi-ust.jpg?id=2770) !important;}&#8221;][vc_column css=&#8221;.vc_custom_1675671306875{padding-top: 20vh !important;padding-bottom: 20vh !important;}&#8221;][\/vc_column][\/vc_row][vc_row css=&#8221;.vc_custom_1675691132515{margin-top: 8vh !important;margin-bottom: 8vh !important;}&#8221;][vc_column][vc_column_text]<\/p>\n<h4 style=\"text-align: center;\"><strong>All- on- four Sistem nedir ?<\/strong><\/h4>\n<p>Implant yap\u0131lan hastalar\u0131 2-3 ay iyile\u015fme s\u00fcresi boyunce di\u015fziz dola\u015ft\u0131rmaktayd\u0131k. Tek bir \u00e7enesinde hi\u00e7 di\u015fi kalmam\u0131\u015f yada di\u015fleri \u00e7ekilmesi gereken hastaler i\u00e7in bu 2-3 ayl\u0131k s\u00fcre\u00e7 \u00e7ok zor ge\u00e7mekteydi. Bu s\u00fcrei hastalar\u0131m\u0131za ya komple di\u015fsiz ge\u00e7mekteydik yada sabit di\u015flere kovu\u015fma heyaliyle bize ba\u015fvurmu\u015f hastalar\u0131m\u0131z\u0131 sabit di\u015flere g\u00f6re kullanmas\u0131 ve al\u0131\u015fm\u0131\u015f \u00e7ok daha zor ve konforlu olan; halk aras\u0131nda damak diye tabir edilen hareketli protezlerle idame ettirmekteydik.<\/p>\n<p>Son y\u0131llarda All on-four sistemiyle implantolojide elde etti\u011fimiz en b\u00fcy\u00fck geli\u015fmeler den biri hemen y\u00fckleme kavram\u0131d\u0131r. Bu sistem sayesinde hastalar sabeh hastanemize di\u015fsiz bir \u015fekilde gelip ak\u015fam implantlar\u0131 uygulanm\u0131\u015f ve a\u011f\u0131zlar\u0131na Sabit di\u015fleri tak\u0131lm\u0131\u015f \u015fekilde \u00e7\u0131kmaktad\u0131rlar. T\u00fcm tedavi yakla\u015f\u0131k 4-5 saatlik bir s\u00fcre\u00e7 i\u00e7erisinde tamamlanmaktad\u0131r. Bu sistemin bir di\u011fer avantaj\u0131da ileri cerrahi uygulamalara olan gereksinimi neredeyse ortadan Kald\u0131rmas\u0131da di\u015flerini kaybemi\u015f hastalarda kemik erimesi miktari artmakta ve \u00e7o\u011fu zaman \u00e7enelerin arka b\u00f6l\u00fcmlerine implant yapmak istedi\u011fimizde maksiller sin\u00fcs, inferior alveoler kanal gibi bir tak\u0131m anatomik olu\u015fumlar ile a\u011f\u0131z bo\u015flu\u011fu aras\u0131nda implant uygulayabilicek yeterli kemik miktar\u0131 kalmamakta ve, ya implant uygulamas\u0131 s\u0131ras\u0131nda yada implat uygulamas\u0131ndan daha \u00f6ncs ba\u015fka seanslarda kemik miktar\u0131n\u0131 artt\u0131rmak i\u00e7in bi tak\u0131m ileri carrahi i\u015flemler uygulanmaktayd\u0131, buda hem hastya ekstra maddi bir y\u00fck hemde ekstra ileri cerrahi i\u015flemler ge\u00e7ime\u015finden dolay\u0131 hasta konforunu azaltmaktayd\u0131.<\/p>\n<p>All-on- four uygulamas\u0131 sayesinde ; \u00f6ncesinde \u00fc\u00e7 boyutlu dental vol\u00fcmetrik tomografi g\u00f6r\u00fcnt\u00fcleri \u00fczerinden incelemelerimizi yaparak, bahsetti\u011fim anatomik olu\u015fumlera te\u011fet ge\u00e7icek \u015fekilde, fizik kurallar\u0131n\u0131da i\u00e7in i\u00e7ine katarak, \u00f6zel a\u00e7\u0131larla yerle\u015ftirdirimiz 4 adet implant ile t\u00fcm Geneye sabit di\u015fler uygulamaktay\u0131z Evet, site bahsedice\u011fim son b\u00fcy\u00fck avantajida bu. Klasik sistem de tek genesinde hi\u00e7 di\u015fi olmayan hastalar\u0131m\u0131za sabit di\u015fler yapabilmek i\u00e7in en az 6 implant yapmam\u0131z, hatta bazen 8-10 implanta \u00e7\u0131kmam\u0131z gerekirken bu sistem sayesinde 4 adet implant yeterli gelmektedir.[\/vc_column_text][\/vc_column][\/vc_row]<\/p>\n","protected":false},"excerpt":{"rendered":"<p>[vc_row css=&#8221;.vc_custom_1691585416727{background-image: url(https:\/\/sengelclinics.com\/wp-content\/uploads\/2023\/08\/tedavi-ust.jpg?id=2770) !important;}&#8221;][vc_column css=&#8221;.vc_custom_1675671306875{padding-top: 20vh !important;padding-bottom: 20vh !important;}&#8221;][\/vc_column][\/vc_row][vc_row css=&#8221;.vc_custom_1675691132515{margin-top: 8vh !important;margin-bottom: 8vh !important;}&#8221;][vc_column][vc_column_text] All- on- four Sistem nedir ? Implant yap\u0131lan hastalar\u0131 2-3 ay iyile\u015fme s\u00fcresi boyunce di\u015fziz dola\u015ft\u0131rmaktayd\u0131k. Tek bir \u00e7enesinde hi\u00e7 di\u015fi kalmam\u0131\u015f yada di\u015fleri \u00e7ekilmesi gereken hastaler i\u00e7in bu 2-3 ayl\u0131k s\u00fcre\u00e7 \u00e7ok zor ge\u00e7mekteydi. Bu s\u00fcrei hastalar\u0131m\u0131za ya komple di\u015fsiz [&hellip;]<\/p>\n","protected":false},"author":1,"featured_media":0,"parent":0,"menu_order":0,"comment_status":"closed","ping_status":"closed","template":"","meta":{"footnotes":""},"class_list":["post-2309","page","type-page","status-publish","hentry"],"_links":{"self":[{"href":"https:\/\/sengelclinics.com\/en\/wp-json\/wp\/v2\/pages\/2309","targetHints":{"allow":["GET"]}}],"collection":[{"href":"https:\/\/sengelclinics.com\/en\/wp-json\/wp\/v2\/pages"}],"about":[{"href":"https:\/\/sengelclinics.com\/en\/wp-json\/wp\/v2\/types\/page"}],"author":[{"embeddable":true,"href":"https:\/\/sengelclinics.com\/en\/wp-json\/wp\/v2\/users\/1"}],"replies":[{"embeddable":true,"href":"https:\/\/sengelclinics.com\/en\/wp-json\/wp\/v2\/comments?post=2309"}],"version-history":[{"count":2,"href":"https:\/\/sengelclinics.com\/en\/wp-json\/wp\/v2\/pages\/2309\/revisions"}],"predecessor-version":[{"id":2790,"href":"https:\/\/sengelclinics.com\/en\/wp-json\/wp\/v2\/pages\/2309\/revisions\/2790"}],"wp:attachment":[{"href":"https:\/\/sengelclinics.com\/en\/wp-json\/wp\/v2\/media?parent=2309"}],"curies":[{"name":"wp","href":"https:\/\/api.w.org\/{rel}","templated":true}]}}