{"id":3871,"date":"2023-04-11T15:09:20","date_gmt":"2023-04-11T12:09:20","guid":{"rendered":"https:\/\/sengelclinics.com\/dental-radyoloji\/"},"modified":"2026-01-24T01:16:40","modified_gmt":"2026-01-23T22:16:40","slug":"radiologia-dentale","status":"publish","type":"page","link":"https:\/\/sengelclinics.com\/it\/radiologia-dentale\/","title":{"rendered":"Radiologia dentale"},"content":{"rendered":"<p>[vc_row css=&#8221;.vc_custom_1691587292495{background-image: url(https:\/\/sengelclinics.com\/wp-content\/uploads\/2023\/08\/tedavi-ust.jpg?id=2770) !important;}&#8221; row_hide=&#8221;hidden-xs hidden-sm&#8221;][vc_column css=&#8221;.vc_custom_1675671306875{padding-top: 20vh !important;padding-bottom: 20vh !important;}&#8221;][\/vc_column][\/vc_row][vc_row bg_position=&#8221;center center&#8221; css=&#8221;.vc_custom_1691587390121{background-image: url(https:\/\/sengelclinics.com\/wp-content\/uploads\/2023\/08\/iltisim-banner-alt-mobil.jpg?id=2774) !important;}&#8221; row_hide=&#8221;hidden-md hidden-lg&#8221;][vc_column css=&#8221;.vc_custom_1675671306875{padding-top: 20vh !important;padding-bottom: 20vh !important;}&#8221;][\/vc_column][\/vc_row][vc_row responsive_css=&#8221;padding_top_medium:40px|padding_bottom_medium:55px&#8221; css=&#8221;.vc_custom_1621614063873{padding-top: 30px !important;padding-bottom: 30px !important;}&#8221; el_id=&#8221;investment-plans&#8221;][vc_column]<style><\/style><style>.ld_tabs_69e891e2e2c50 .lqd-tabs-nav > li > a, .ld_tabs_69e891e2e2c50 .lqd-tabs-nav .h3{font-size:16px;line-height:1.15em;}.ld_tabs_69e891e2e2c50 .lqd-tabs-nav li.active a .h3{color:inherit;}.ld_tabs_69e891e2e2c50 .lqd-tabs-nav a{color:rgb(0, 97, 148);}.ld_tabs_69e891e2e2c50 .lqd-tabs-nav li.active a{color:rgb(16, 58, 64);}.ld_tabs_69e891e2e2c50 .lqd-tabs-nav .iconbox-icon-container{color:rgb(15, 90, 100);}.ld_tabs_69e891e2e2c50 .lqd-tabs-nav{border-color:rgba(15, 90, 100, 0.15);}.ld_tabs_69e891e2e2c50 .lqd-tabs-nav li:after{background:rgb(15, 90, 100);}<\/style><div class=\"lqd-tabs lqd-tabs-style-3 ld_tabs_69e891e2e2c50\" data-tabs-options='{\"trigger\":\"click\"}'>\n\n\t<nav class=\"lqd-tabs-nav-wrap mb-5\">\n\t\t<ul class=\"reset-ul lqd-tabs-nav d-flex align-items-center justify-content-md-between\" role=\"tablist\"><li data-controls=\"lqd-1621606707710-9716e7e7-7eb02eec-13f8\" role=\"presentation\" class=\"ld_tab_section-69e891e2dfa02 active text-center\"><a href=\"#lqd-1621606707710-9716e7e7-7eb02eec-13f8\" aria-expanded=\"false\" aria-controls=\"lqd-1621606707710-9716e7e7-7eb02eec-13f8\" role=\"tab\" data-toggle=\"tab\"><span class=\"iconbox\"><span class=\"contents d-flex flex-column\">\n\t\t\t\t\t\t\t\t<span class=\"iconbox-title h3 my-0\">Radiologia dentale<\/span><\/span>\n\t\t\t\t\t\t<\/span><span class=\"lqd-tabs-nav-progress\">\n\t\t\t\t\t\t\t<span class=\"lqd-tabs-nav-progress-inner\"><\/span>\n\t\t\t\t\t\t<\/span><\/a><\/li><li data-controls=\"lqd-1621607366667-5dea8b2e-8e412eec-13f8\" role=\"presentation\" class=\"ld_tab_section-69e891e2e1c2d text-center\"><a href=\"#lqd-1621607366667-5dea8b2e-8e412eec-13f8\" aria-expanded=\"false\" aria-controls=\"lqd-1621607366667-5dea8b2e-8e412eec-13f8\" role=\"tab\" data-toggle=\"tab\"><span class=\"iconbox\"><span class=\"contents d-flex flex-column\">\n\t\t\t\t\t\t\t\t<span class=\"iconbox-title h3 my-0\">Tomografia computerizzata beam cone (CBCT) 3D della mascella e dei denti<\/span><\/span>\n\t\t\t\t\t\t<\/span><span class=\"lqd-tabs-nav-progress\">\n\t\t\t\t\t\t\t<span class=\"lqd-tabs-nav-progress-inner\"><\/span>\n\t\t\t\t\t\t<\/span><\/a><\/li><li data-controls=\"lqd-1621607374179-5cdd6882-beb02eec-13f8\" role=\"presentation\" class=\"ld_tab_section-69e891e2e21ae text-center\"><a href=\"#lqd-1621607374179-5cdd6882-beb02eec-13f8\" aria-expanded=\"false\" aria-controls=\"lqd-1621607374179-5cdd6882-beb02eec-13f8\" role=\"tab\" data-toggle=\"tab\"><span class=\"iconbox\"><span class=\"contents d-flex flex-column\">\n\t\t\t\t\t\t\t\t<span class=\"iconbox-title h3 my-0\">Radiografia cefalometrica<\/span><\/span>\n\t\t\t\t\t\t<\/span><span class=\"lqd-tabs-nav-progress\">\n\t\t\t\t\t\t\t<span class=\"lqd-tabs-nav-progress-inner\"><\/span>\n\t\t\t\t\t\t<\/span><\/a><\/li><li data-controls=\"lqd-1621607383112-12e883f3-202e2eec-13f8\" role=\"presentation\" class=\"ld_tab_section-69e891e2e2599 text-center\"><a href=\"#lqd-1621607383112-12e883f3-202e2eec-13f8\" aria-expanded=\"false\" aria-controls=\"lqd-1621607383112-12e883f3-202e2eec-13f8\" role=\"tab\" data-toggle=\"tab\"><span class=\"iconbox\"><span class=\"contents d-flex flex-column\">\n\t\t\t\t\t\t\t\t<span class=\"iconbox-title h3 my-0\">Radiografia panoramica<\/span><\/span>\n\t\t\t\t\t\t<\/span><span class=\"lqd-tabs-nav-progress\">\n\t\t\t\t\t\t\t<span class=\"lqd-tabs-nav-progress-inner\"><\/span>\n\t\t\t\t\t\t<\/span><\/a><\/li><li data-controls=\"lqd-1684248669290-a549ddc7-8cf4\" role=\"presentation\" class=\"ld_tab_section-69e891e2e2921 text-center\"><a href=\"#lqd-1684248669290-a549ddc7-8cf4\" aria-expanded=\"false\" aria-controls=\"lqd-1684248669290-a549ddc7-8cf4\" role=\"tab\" data-toggle=\"tab\"><span class=\"iconbox\"><span class=\"contents d-flex flex-column\">\n\t\t\t\t\t\t\t\t<span class=\"iconbox-title h3 my-0\">\u00c8 possibile effettuare un esame pi\u00f9 dettagliato con le radiografie del singolo dente.<\/span><\/span>\n\t\t\t\t\t\t<\/span><span class=\"lqd-tabs-nav-progress\">\n\t\t\t\t\t\t\t<span class=\"lqd-tabs-nav-progress-inner\"><\/span>\n\t\t\t\t\t\t<\/span><\/a><\/li><\/ul>\t\t \n\t<\/nav>\n\n\t<div class=\"lqd-tabs-content mb-5\"><div id=\"lqd-1621606707710-9716e7e7-7eb02eec-13f8\" role=\"tabpanel\" class=\"lqd-tabs-pane fade active in\">[vc_row_inner][vc_column_inner width=&#8221;1\/2&#8243; css=&#8221;.vc_custom_1684308740081{margin-top: 45px !important;border-top-width: 1px !important;border-right-width: 1px !important;border-bottom-width: 1px !important;border-left-width: 1px !important;padding-top: 20px !important;padding-right: 25px !important;padding-left: 25px !important;}&#8221; el_class=&#8221;mobOrder2&#8243;]<style>.ld_fancy_heading_69e891e2dfc28 p {font-weight:500; } .ld_fancy_heading_69e891e2dfc28 .lqd-highlight-inner{height:0.275em!important;bottom:0px!important;}.ld_fancy_heading_69e891e2dfc28 p {font-weight:500; } <\/style><div class=\"ld-fancy-heading ld_fancy_heading_69e891e2dfc28\">\n\t<p class=\"ld-fh-element lqd-highlight-underline lqd-highlight-grow-left text-decoration-default\"   >  <strong>Radiologia dentale<\/strong><\/p>\n<p>Per poter fare diagnosi, pianificare il trattamento e monitorarne l&#8217;andamento nella salute orale e dentale, \u00e8 possibile beneficiare della radiologia dentale e delle tecniche di imaging. Nel trattamento dentale possono essere utilizzate sia radiografie bidimensionali del singolo dente (RVG), radiografie panoramiche e cefalometriche, sia tomografie che offrono la possibilit\u00e0 di un esame tridimensionale.<\/p>\n<p>La radiologia dentale \u00e8 l&#8217;uso di tecniche radiologiche e tomografiche per la diagnosi, la pianificazione e il follow-up nella salute dei denti.<\/p><\/div>[vc_single_image image=&#8221;934&#8243;][\/vc_column_inner][vc_column_inner width=&#8221;1\/2&#8243; css=&#8221;.vc_custom_1684308749719{padding-top: 30px !important;padding-right: 30px !important;padding-bottom: 30px !important;padding-left: 30px !important;background-color: rgba(0,97,148,0.45) !important;*background-color: rgb(0,97,148) !important;}&#8221; el_class=&#8221;mobOrder1&#8243;]<style>.ld_cf7_69e891e2e072f input,.ld_cf7_69e891e2e072f textarea,.ld_cf7_69e891e2e072f .ui-button.ui-selectmenu-button{font-size:13px;}.ld_cf7_69e891e2e072f input[type=\"submit\"]{font-size:14px;}.ld_cf7_69e891e2e072f input, .ld_cf7_69e891e2e072f select, .ld_cf7_69e891e2e072f textarea, .ld_cf7_69e891e2e072f .ui-button.ui-selectmenu-button{background:rgb(247, 248, 248);}.ld_cf7_69e891e2e072f input, .ld_cf7_69e891e2e072f select, .ld_cf7_69e891e2e072f textarea, .ld_cf7_69e891e2e072f .ui-button.ui-selectmenu-button, .ld_cf7_69e891e2e072f .wpcf7-form-control-wrap > i, .ld_cf7_69e891e2e072f .wpcf7-radio{color:rgb(123, 131, 142);}.ld_cf7_69e891e2e072f input:focus, .ld_cf7_69e891e2e072f select:focus, .ld_cf7_69e891e2e072f textarea:focus, .ld_cf7_69e891e2e072f .ui-button.ui-selectmenu-button:hover, .wpcf7-acceptance .wpcf7-list-item-label:after{color:rgb(0, 0, 0);}<\/style><div id=\"ld_cf7_69e891e2e072f\" class=\"lqd-contact-form lqd-contact-form-inputs-filled lqd-contact-form-inputs-round lqd-contact-form-button-block lqd-contact-form-button-round ld_cf7_69e891e2e072f vc_custom_1769206597798\">\n\t\n<div class=\"wpcf7 no-js\" id=\"wpcf7-f4040-o1\" lang=\"it-IT\" dir=\"ltr\" data-wpcf7-id=\"4040\">\n<div class=\"screen-reader-response\"><p role=\"status\" aria-live=\"polite\" aria-atomic=\"true\"><\/p> <ul><\/ul><\/div>\n<form action=\"\/it\/wp-json\/wp\/v2\/pages\/3871#wpcf7-f4040-o1\" method=\"post\" class=\"wpcf7-form init\" aria-label=\"Modulo di contatto\" novalidate=\"novalidate\" data-status=\"init\">\n<fieldset class=\"hidden-fields-container\"><input type=\"hidden\" name=\"_wpcf7\" value=\"4040\" \/><input type=\"hidden\" name=\"_wpcf7_version\" value=\"6.1.4\" \/><input type=\"hidden\" name=\"_wpcf7_locale\" value=\"it_IT\" \/><input type=\"hidden\" name=\"_wpcf7_unit_tag\" value=\"wpcf7-f4040-o1\" \/><input type=\"hidden\" name=\"_wpcf7_container_post\" value=\"0\" \/><input type=\"hidden\" name=\"_wpcf7_posted_data_hash\" value=\"\" \/>\n<\/fieldset>\n<div class=\"row\">\n\t<p class=\"col-md-6\"><br \/>\n<span class=\"wpcf7-form-control-wrap\" data-name=\"text-500\"><input size=\"40\" maxlength=\"400\" class=\"wpcf7-form-control wpcf7-text wpcf7-validates-as-required\" aria-required=\"true\" aria-invalid=\"false\" placeholder=\"Nome\" value=\"\" type=\"text\" name=\"text-500\" \/><\/span>\n\t<\/p>\n\t<p class=\"col-md-6\"><br \/>\n<span class=\"wpcf7-form-control-wrap\" data-name=\"email-48\"><input size=\"40\" maxlength=\"400\" class=\"wpcf7-form-control wpcf7-email wpcf7-validates-as-required wpcf7-text wpcf7-validates-as-email\" aria-required=\"true\" aria-invalid=\"false\" placeholder=\"E-mail\" value=\"\" type=\"email\" name=\"email-48\" \/><\/span>\n\t<\/p>\n\t<p class=\"col-md-12\"><br \/>\n<span class=\"wpcf7-form-control-wrap intl_tel-713\"><input class=\"wpcf7-form-control wpcf7-intl_tel wpcf7-validates-as-required wpcf7-intl-tel\" aria-required=\"true\" aria-invalid=\"false\" placeholder=\"Il tuo numero\" data-initialcountry=\"tr\" value=\"\" type=\"tel\" name=\"intl_tel-713-cf7it-national\" \/><input name=\"intl_tel-713\" type=\"hidden\" class=\"wpcf7-intl-tel-full\" \/><input type=\"hidden\" name=\"intl_tel-713-cf7it-country-name\" class=\"wpcf7-intl-tel-country-name\" \/><input type=\"hidden\" name=\"intl_tel-713-cf7it-country-code\" class=\"wpcf7-intl-tel-country-code\" \/><input type=\"hidden\" name=\"intl_tel-713-cf7it-country-iso2\" class=\"wpcf7-intl-tel-country-iso2\" \/><\/span>\n\t<\/p>\n\t<p class=\"col-md-12\"><br \/>\n<span class=\"wpcf7-form-control-wrap\" data-name=\"text-870\"><input size=\"40\" maxlength=\"400\" class=\"wpcf7-form-control wpcf7-text wpcf7-validates-as-required\" aria-required=\"true\" aria-invalid=\"false\" placeholder=\"Il tuo messaggio\" value=\"\" type=\"text\" name=\"text-870\" \/><\/span>\n\t<\/p>\n\t<p class=\"col-md-12\"><br \/>\n<input class=\"wpcf7-form-control wpcf7-submit has-spinner\" type=\"submit\" value=\"Invia\" \/>\n\t<\/p>\n<\/div><div class=\"wpcf7-response-output\" aria-hidden=\"true\"><\/div>\n<\/form>\n<\/div>\n<\/div>[\/vc_column_inner][\/vc_row_inner]<\/div><div id=\"lqd-1621607366667-5dea8b2e-8e412eec-13f8\" role=\"tabpanel\" class=\"lqd-tabs-pane fade\"><style>.ld_fancy_heading_69e891e2e1e83 .lqd-highlight-inner{height:0.275em!important;bottom:0px!important;}<\/style><div class=\"ld-fancy-heading ld_fancy_heading_69e891e2e1e83\">\n\t<p class=\"ld-fh-element lqd-highlight-underline lqd-highlight-grow-left text-decoration-default\"   >  <strong>Tomografia computerizzata beam cone (CBCT) 3D della mascella e dei denti<\/strong><\/p>\n<p>La tomografia dentale offre immagini 3D per la migliore diagnosi possibile.<\/p>\n<p>La tomografia dentale 3D (CBCT) \u00e8 preferita per i vantaggi offerti da una migliore qualit\u00e0 dell&#8217;immagine, livelli di radiazione pi\u00f9 bassi, una visualizzazione pi\u00f9 chiara dei tessuti ossei e molli e la capacit\u00e0 di rivelare l&#8217;esatta forma e dimensione dell&#8217;osso mascellare.<\/p>\n<p>La tomografia dentale \u00e8 un metodo che fornisce risultati pi\u00f9 nitidi focalizzandosi sull&#8217;area da visualizzare tramite l&#8217;uso di raggi X, lasciando fuori fuoco le altre zone. In questo metodo, \u00e8 disponibile la visualizzazione 3D che include le dimensioni di larghezza, profondit\u00e0 e lunghezza.<\/p>\n<p><strong>Immagini relative al nostro servizio di trattamento<\/strong><\/p><\/div>[vc_single_image image=&#8221;935&#8243;]<\/div><div id=\"lqd-1621607374179-5cdd6882-beb02eec-13f8\" role=\"tabpanel\" class=\"lqd-tabs-pane fade\"><style>.ld_fancy_heading_69e891e2e2357 .lqd-highlight-inner{height:0.275em!important;bottom:0px!important;}<\/style><div class=\"ld-fancy-heading ld_fancy_heading_69e891e2e2357\">\n\t<p class=\"ld-fh-element lqd-highlight-underline lqd-highlight-grow-left text-decoration-default\"   >  <strong>Radiografia cefalometrica<\/strong><\/p>\n<p>Nelle cure ortodontiche, l&#8217;imaging cefalometrico facilita la diagnosi.<\/p>\n<p>Il metodo di imaging cefalometrico \u00e8 una tecnica ampiamente utilizzata nell&#8217;ortodonzia e nella chirurgia ortognatica. Poich\u00e9 consente la visualizzazione in scala 1:1, offre la facilit\u00e0 di formulare diagnosi pi\u00f9 efficaci.<\/p>\n<p>L&#8217;apparecchio radiografico cefalometrico \u00e8 un metodo diagnostico che permette di osservare i dettagli delle ossa del cranio e del viso, la loro relazione reciproca e i tessuti molli in scala reale con il cranio. Le immagini cefalometriche sono utilizzate principalmente nel trattamento ortodontico o nella chirurgia ortognatica.<\/p><\/div>[vc_single_image image=&#8221;936&#8243; el_id=&#8221;tab4&#8243;]<\/div><div id=\"lqd-1621607383112-12e883f3-202e2eec-13f8\" role=\"tabpanel\" class=\"lqd-tabs-pane fade\"><style>.ld_fancy_heading_69e891e2e2712 .lqd-highlight-inner{height:0.275em!important;bottom:0px!important;}<\/style><div class=\"ld-fancy-heading ld_fancy_heading_69e891e2e2712\">\n\t<p class=\"ld-fh-element lqd-highlight-underline lqd-highlight-grow-left text-decoration-default\"   >  <strong>Radiografia panoramica<\/strong><\/p>\n<p>Il metodo della radiografia panoramica \u00e8 uno dei metodi pi\u00f9 efficaci nella diagnosi delle malattie dentali.<\/p>\n<p>Le radiografie panoramiche sono ampiamente utilizzate per porre la diagnosi pi\u00f9 accurata prima del trattamento dentale. \u00c8 possibile diagnosticare molti problemi con una singola radiografia.<\/p>\n<p>La radiografia panoramica \u00e8 un tipo di radiografia in bianco e nero che consente di effettuare una diagnosi con una sola pellicola. In un&#8217;immagine radiografica panoramica si possono osservare facilmente la mascella superiore e inferiore, le articolazioni, i denti e le cavit\u00e0 sinusali. In questo modo si crea l&#8217;opportunit\u00e0 di formulare una diagnosi completa.<\/p>\n<p><strong>Immagini relative al nostro servizio di trattamento<\/strong><\/p><\/div>[vc_single_image image=&#8221;2806&#8243; el_id=&#8221;tab5&#8243;]<\/div><div id=\"lqd-1684248669290-a549ddc7-8cf4\" role=\"tabpanel\" class=\"lqd-tabs-pane fade\"><style>.ld_fancy_heading_69e891e2e2a95 .lqd-highlight-inner{height:0.275em!important;bottom:0px!important;}<\/style><div class=\"ld-fancy-heading ld_fancy_heading_69e891e2e2a95\">\n\t<p class=\"ld-fh-element lqd-highlight-underline lqd-highlight-grow-left text-decoration-default\"   >  <\/p>\n<p align=\"justify\"><strong>\u00c8 possibile effettuare un esame pi\u00f9 dettagliato con le radiografie del singolo dente.<\/strong><\/p>\n<p align=\"justify\">Nei vecchi apparecchi periapicali, l&#8217;immagine veniva ottenuta lavando la radiografia in soluzioni di sviluppo. Poich\u00e9 le radiografie del singolo dente RVG sono ora prodotte in ambienti digitali, \u00e8 possibile formulare una diagnosi in breve tempo.<\/p>\n<p>Le radiografie digitali utilizzate per visualizzare uno o pi\u00f9 denti sono chiamate radiografie del singolo dente (RVG).<\/p>\n<p><strong>Immagini relative al nostro servizio di trattamento<\/strong><\/p><\/div>[vc_single_image image=&#8221;1264&#8243;]<\/div><\/div>\n<\/div>\n[\/vc_column][\/vc_row]<\/p>\n","protected":false},"excerpt":{"rendered":"<p>[vc_row css=&#8221;.vc_custom_1691587292495{background-image: url(https:\/\/sengelclinics.com\/wp-content\/uploads\/2023\/08\/tedavi-ust.jpg?id=2770) !important;}&#8221; row_hide=&#8221;hidden-xs hidden-sm&#8221;][vc_column css=&#8221;.vc_custom_1675671306875{padding-top: 20vh !important;padding-bottom: 20vh !important;}&#8221;][\/vc_column][\/vc_row][vc_row bg_position=&#8221;center center&#8221; css=&#8221;.vc_custom_1691587390121{background-image: url(https:\/\/sengelclinics.com\/wp-content\/uploads\/2023\/08\/iltisim-banner-alt-mobil.jpg?id=2774) !important;}&#8221; row_hide=&#8221;hidden-md hidden-lg&#8221;][vc_column css=&#8221;.vc_custom_1675671306875{padding-top: 20vh !important;padding-bottom: 20vh !important;}&#8221;][\/vc_column][\/vc_row][vc_row responsive_css=&#8221;padding_top_medium:40px|padding_bottom_medium:55px&#8221; css=&#8221;.vc_custom_1621614063873{padding-top: 30px !important;padding-bottom: 30px !important;}&#8221; el_id=&#8221;investment-plans&#8221;][vc_column][\/vc_column][\/vc_row]<\/p>\n","protected":false},"author":1,"featured_media":0,"parent":0,"menu_order":0,"comment_status":"closed","ping_status":"closed","template":"","meta":{"footnotes":""},"class_list":["post-3871","page","type-page","status-publish","hentry"],"_links":{"self":[{"href":"https:\/\/sengelclinics.com\/it\/wp-json\/wp\/v2\/pages\/3871","targetHints":{"allow":["GET"]}}],"collection":[{"href":"https:\/\/sengelclinics.com\/it\/wp-json\/wp\/v2\/pages"}],"about":[{"href":"https:\/\/sengelclinics.com\/it\/wp-json\/wp\/v2\/types\/page"}],"author":[{"embeddable":true,"href":"https:\/\/sengelclinics.com\/it\/wp-json\/wp\/v2\/users\/1"}],"replies":[{"embeddable":true,"href":"https:\/\/sengelclinics.com\/it\/wp-json\/wp\/v2\/comments?post=3871"}],"version-history":[{"count":6,"href":"https:\/\/sengelclinics.com\/it\/wp-json\/wp\/v2\/pages\/3871\/revisions"}],"predecessor-version":[{"id":4041,"href":"https:\/\/sengelclinics.com\/it\/wp-json\/wp\/v2\/pages\/3871\/revisions\/4041"}],"wp:attachment":[{"href":"https:\/\/sengelclinics.com\/it\/wp-json\/wp\/v2\/media?parent=3871"}],"curies":[{"name":"wp","href":"https:\/\/api.w.org\/{rel}","templated":true}]}}