{"id":3879,"date":"2023-02-06T16:54:22","date_gmt":"2023-02-06T13:54:22","guid":{"rendered":"https:\/\/sengelclinics.com\/dis-etlerim-neden-kaniyor\/"},"modified":"2026-01-23T09:42:51","modified_gmt":"2026-01-23T06:42:51","slug":"perche-le-mie-gengive-sanguinano","status":"publish","type":"page","link":"https:\/\/sengelclinics.com\/it\/perche-le-mie-gengive-sanguinano\/","title":{"rendered":"Perch\u00e9 le mie gengive sanguinano?"},"content":{"rendered":"<p>[vc_row css=&#8221;.vc_custom_1691589806519{background-image: url(https:\/\/sengelclinics.com\/wp-content\/uploads\/2023\/08\/tedavi-ust.jpg?id=2770) !important;}&#8221;][vc_column css=&#8221;.vc_custom_1675671306875{padding-top: 20vh !important;padding-bottom: 20vh !important;}&#8221;][\/vc_column][\/vc_row][vc_row css=&#8221;.vc_custom_1675691132515{margin-top: 8vh !important;margin-bottom: 8vh !important;}&#8221;][vc_column][vc_column_text]<\/p>\n<h4 style=\"text-align: center;\"><strong>Perch\u00e9 le mie gengive sanguinano?<\/strong><\/h4>\n<p>Il sanguinamento delle <strong>gengive<\/strong> \u00e8 un segno di gengivite o di infiammazione delle gengive. Si tratta di una forma comune e lieve di malattia gengivale, causata dalla placca che si accumula lungo la linea gengivale. Se soffri di gengivite, le tue gengive potrebbero apparire irritate, rosse e gonfie. Possono sanguinare durante la spazzolamento.<\/p>\n<p><strong>Il sanguinamento delle gengive \u00e8 un&#8217;emergenza odontoiatrica?<\/strong><\/p>\n<p>Sebbene un lieve sanguinamento gengivale non costituisca un&#8217;emergenza odontoiatrica, \u00e8 necessario restare vigili. Se riscontri un sanguinamento grave e un forte gonfiore alle gengive, potrebbe essere il momento di consultare un dentista. Il dentista esaminer\u00e0 le gengive e determiner\u00e0 la causa del sanguinamento e del gonfiore.<\/p>\n<p><strong>Quando dovrei preoccuparmi del sanguinamento gengivale?<\/strong><\/p>\n<p>Il sanguinamento delle gengive \u00e8 molto comune, ma ci\u00f2 non significa che debba essere ignorato. Spesso \u00e8 un segno di malattia gengivale (periodontale). Se trattata nelle sue fasi iniziali, la malattia parodontale pu\u00f2 essere facilmente risolta.[\/vc_column_text][\/vc_column][\/vc_row]<\/p>\n","protected":false},"excerpt":{"rendered":"<p>[vc_row css=&#8221;.vc_custom_1691589806519{background-image: url(https:\/\/sengelclinics.com\/wp-content\/uploads\/2023\/08\/tedavi-ust.jpg?id=2770) !important;}&#8221;][vc_column css=&#8221;.vc_custom_1675671306875{padding-top: 20vh !important;padding-bottom: 20vh !important;}&#8221;][\/vc_column][\/vc_row][vc_row css=&#8221;.vc_custom_1675691132515{margin-top: 8vh !important;margin-bottom: 8vh !important;}&#8221;][vc_column][vc_column_text] Perch\u00e9 le mie gengive sanguinano? Il sanguinamento delle gengive \u00e8 un segno di gengivite o di infiammazione delle gengive. Si tratta di una forma comune e lieve di malattia gengivale, causata dalla placca che si accumula lungo la linea gengivale. Se [&hellip;]<\/p>\n","protected":false},"author":1,"featured_media":0,"parent":0,"menu_order":0,"comment_status":"closed","ping_status":"closed","template":"","meta":{"footnotes":""},"class_list":["post-3879","page","type-page","status-publish","hentry"],"_links":{"self":[{"href":"https:\/\/sengelclinics.com\/it\/wp-json\/wp\/v2\/pages\/3879","targetHints":{"allow":["GET"]}}],"collection":[{"href":"https:\/\/sengelclinics.com\/it\/wp-json\/wp\/v2\/pages"}],"about":[{"href":"https:\/\/sengelclinics.com\/it\/wp-json\/wp\/v2\/types\/page"}],"author":[{"embeddable":true,"href":"https:\/\/sengelclinics.com\/it\/wp-json\/wp\/v2\/users\/1"}],"replies":[{"embeddable":true,"href":"https:\/\/sengelclinics.com\/it\/wp-json\/wp\/v2\/comments?post=3879"}],"version-history":[{"count":2,"href":"https:\/\/sengelclinics.com\/it\/wp-json\/wp\/v2\/pages\/3879\/revisions"}],"predecessor-version":[{"id":3955,"href":"https:\/\/sengelclinics.com\/it\/wp-json\/wp\/v2\/pages\/3879\/revisions\/3955"}],"wp:attachment":[{"href":"https:\/\/sengelclinics.com\/it\/wp-json\/wp\/v2\/media?parent=3879"}],"curies":[{"name":"wp","href":"https:\/\/api.w.org\/{rel}","templated":true}]}}