{"id":3883,"date":"2023-02-06T16:19:19","date_gmt":"2023-02-06T13:19:19","guid":{"rendered":"https:\/\/sengelclinics.com\/dis-sealant\/"},"modified":"2026-01-23T09:45:14","modified_gmt":"2026-01-23T06:45:14","slug":"sigillanti-dentali","status":"publish","type":"page","link":"https:\/\/sengelclinics.com\/it\/sigillanti-dentali\/","title":{"rendered":"Sigillanti dentali"},"content":{"rendered":"<p>[vc_row css=&#8221;.vc_custom_1691590333934{background-image: url(https:\/\/sengelclinics.com\/wp-content\/uploads\/2023\/08\/tedavi-ust.jpg?id=2770) !important;}&#8221;][vc_column css=&#8221;.vc_custom_1675671306875{padding-top: 20vh !important;padding-bottom: 20vh !important;}&#8221;][\/vc_column][\/vc_row][vc_row css=&#8221;.vc_custom_1675691132515{margin-top: 8vh !important;margin-bottom: 8vh !important;}&#8221;][vc_column][vc_column_text]<\/p>\n<h4 style=\"text-align: center;\"><strong>Sigillanti dentali<\/strong><\/h4>\n<p>Nella storia della prevenzione della carie dentale, spiccano due scoperte: il fluoro e i sigillanti. I dentisti hanno imparato che i trattamenti bilanciati al fluoro possono aiutare a proteggere i denti dalla carie e che il sigillante pu\u00f2 fornire un&#8217;ulteriore protezione per i denti.<\/p>\n<p>Da oltre 30 anni, i sigillanti offrono un rivestimento protettivo in plastica che ricopre le superfici dei denti per aiutare a prevenire la carie.<\/p>\n<p>Carie dentale e bambini<br \/>\nA causa delle numerose protuberanze e solchi, le superfici masticatorie dei denti dei bambini sono molto sensibili alle carie. I residui e i batteri che ne derivano possono insediarsi tra i solchi dei denti di un bambino. Questi solchi (chiamati fosse e fessure) possono essere pi\u00f9 problematici per alcuni bambini rispetto ad altri.<\/p>\n<p>I bambini piccoli, i bambini in et\u00e0 predisposta alle carie (dai quattro ai 17 anni) e gli adulti affrontano tutti lo stesso problema di fosse e fessure. I premolari e i molari presentano il maggior numero di fosse e fessure e sono difficili da raggiungere con lo spazzolino o il filo interdentale per le persone di ogni et\u00e0. Tuttavia, l&#8217;applicazione di sigillante sui denti appropriati pu\u00f2 aiutare a prevenire la carie nelle popolazioni sensibili.<\/p>\n<p>Procedura di sigillatura<br \/>\nLa procedura di sigillatura viene solitamente eseguita subito dopo l&#8217;eruzione dei denti decidui e viene ripetuta a intervalli regolari nel corso degli anni. Poich\u00e9 il sigillante scompare gradualmente a causa della naturale usura dei denti, l&#8217;applicazione deve essere ripetuta per rimanere efficace.<\/p>\n<p>In primo luogo, il dentista pulir\u00e0 e asciugher\u00e0 i denti e applicher\u00e0 una soluzione leggermente acida progettata per aiutare il sigillante ad aderire alla superficie del dente. Successivamente, ogni dente viene &#8220;dipinto&#8221; con uno strato di sigillante molto sottile. Poich\u00e9 il rivestimento \u00e8 trasparente o bianco, si adatta facilmente al colore naturale del dente.<\/p>\n<p>In genere, il dentista utilizzer\u00e0 una luce di polimerizzazione ad alta intensit\u00e0 per indurire il sigillante dopo che \u00e8 stato applicato sui denti. Pu\u00f2 durare molti anni, ma deve essere controllato regolarmente e valutato per una possibile riapplicazione.<\/p>\n<p>\u00c8 importante notare che i sigillanti non sostituiscono il fluoro. Al contrario, contribuiscono ai benefici del fluoro e possono proteggere i denti in modo che non si carino in seguito o non richiedano procedure dentali pi\u00f9 estese.[\/vc_column_text][\/vc_column][\/vc_row]<\/p>\n","protected":false},"excerpt":{"rendered":"<p>[vc_row css=&#8221;.vc_custom_1691590333934{background-image: url(https:\/\/sengelclinics.com\/wp-content\/uploads\/2023\/08\/tedavi-ust.jpg?id=2770) !important;}&#8221;][vc_column css=&#8221;.vc_custom_1675671306875{padding-top: 20vh !important;padding-bottom: 20vh !important;}&#8221;][\/vc_column][\/vc_row][vc_row css=&#8221;.vc_custom_1675691132515{margin-top: 8vh !important;margin-bottom: 8vh !important;}&#8221;][vc_column][vc_column_text] Sigillanti dentali Nella storia della prevenzione della carie dentale, spiccano due scoperte: il fluoro e i sigillanti. I dentisti hanno imparato che i trattamenti bilanciati al fluoro possono aiutare a proteggere i denti dalla carie e che il sigillante pu\u00f2 fornire [&hellip;]<\/p>\n","protected":false},"author":1,"featured_media":0,"parent":0,"menu_order":0,"comment_status":"closed","ping_status":"closed","template":"","meta":{"footnotes":""},"class_list":["post-3883","page","type-page","status-publish","hentry"],"_links":{"self":[{"href":"https:\/\/sengelclinics.com\/it\/wp-json\/wp\/v2\/pages\/3883","targetHints":{"allow":["GET"]}}],"collection":[{"href":"https:\/\/sengelclinics.com\/it\/wp-json\/wp\/v2\/pages"}],"about":[{"href":"https:\/\/sengelclinics.com\/it\/wp-json\/wp\/v2\/types\/page"}],"author":[{"embeddable":true,"href":"https:\/\/sengelclinics.com\/it\/wp-json\/wp\/v2\/users\/1"}],"replies":[{"embeddable":true,"href":"https:\/\/sengelclinics.com\/it\/wp-json\/wp\/v2\/comments?post=3883"}],"version-history":[{"count":2,"href":"https:\/\/sengelclinics.com\/it\/wp-json\/wp\/v2\/pages\/3883\/revisions"}],"predecessor-version":[{"id":3959,"href":"https:\/\/sengelclinics.com\/it\/wp-json\/wp\/v2\/pages\/3883\/revisions\/3959"}],"wp:attachment":[{"href":"https:\/\/sengelclinics.com\/it\/wp-json\/wp\/v2\/media?parent=3883"}],"curies":[{"name":"wp","href":"https:\/\/api.w.org\/{rel}","templated":true}]}}