{"id":3899,"date":"2023-02-06T17:08:50","date_gmt":"2023-02-06T14:08:50","guid":{"rendered":"https:\/\/sengelclinics.com\/implant-nedir\/"},"modified":"2026-01-23T10:12:45","modified_gmt":"2026-01-23T07:12:45","slug":"cose-limpianto-dentale","status":"publish","type":"page","link":"https:\/\/sengelclinics.com\/it\/cose-limpianto-dentale\/","title":{"rendered":"Cos&#8217;\u00e8 l&#8217;Impianto Dentale?"},"content":{"rendered":"<p>[vc_row css=&#8221;.vc_custom_1691649220018{background-image: url(https:\/\/sengelclinics.com\/wp-content\/uploads\/2023\/08\/tedavi-ust.jpg?id=2770) !important;}&#8221;][vc_column css=&#8221;.vc_custom_1675671306875{padding-top: 20vh !important;padding-bottom: 20vh !important;}&#8221;][\/vc_column][\/vc_row][vc_row css=&#8221;.vc_custom_1675691132515{margin-top: 8vh !important;margin-bottom: 8vh !important;}&#8221;][vc_column][vc_column_text]<\/p>\n<h4 style=\"text-align: center;\">Cos&#8217;\u00e8 l&#8217;Impianto Dentale?<\/h4>\n<div class=\"pageText\">\n<p>L&#8217;impianto \u00e8 una radice dentale artificiale, solitamente a forma di vite, che viene inserita nella mascella per sostituire i denti mancanti. Poich\u00e9 l&#8217;osso mascellare percepisce il titanio come una parte del corpo, gli impianti sono realizzati principalmente in titanio e, grazie all&#8217;elevata compatibilit\u00e0 dei tessuti, il tasso di successo \u00e8 molto alto. Il vantaggio del trattamento implantare rispetto ad altri trattamenti \u00e8 che i denti adiacenti non vengono danneggiati; in altre parole, non \u00e8 necessario limare i denti vicini.<\/p>\n<h3><strong>Quali sono i vantaggi dell&#8217;impianto?<\/strong><\/h3>\n<ul>\n<li>Non danneggia in alcun modo i denti adiacenti agli spazi vuoti. Consente la realizzazione di denti fissi.<\/li>\n<li>Prevenzione del riassorbimento dell&#8217;osso mascellare nello spazio edentulo.<\/li>\n<li>Possibilit\u00e0 di realizzare denti in porcellana singolarmente, come nella dentatura naturale.<\/li>\n<li>Aumento della stabilit\u00e0 della protesi sia nella mascella superiore che in quella inferiore.<\/li>\n<\/ul>\n<h2><strong>A chi pu\u00f2 essere applicato il trattamento implantare?<\/strong><\/h2>\n<p>Gli individui di et\u00e0 pari o superiore a 18 anni che hanno completato lo sviluppo osseo possono sottoporsi al trattamento di <strong>impianto dentale<\/strong>. Prima dell&#8217;operazione, l&#8217;idoneit\u00e0 della struttura mascellare all&#8217;impianto viene verificata tramite radiografia. Nei pazienti diabetici, la malattia deve essere sotto controllo, mentre coloro che utilizzano farmaci anticoagulanti devono sospenderne l&#8217;assunzione prima di iniziare il trattamento.<\/p>\n<\/div>\n<p>[\/vc_column_text][\/vc_column][\/vc_row]<\/p>\n","protected":false},"excerpt":{"rendered":"<p>[vc_row css=&#8221;.vc_custom_1691649220018{background-image: url(https:\/\/sengelclinics.com\/wp-content\/uploads\/2023\/08\/tedavi-ust.jpg?id=2770) !important;}&#8221;][vc_column css=&#8221;.vc_custom_1675671306875{padding-top: 20vh !important;padding-bottom: 20vh !important;}&#8221;][\/vc_column][\/vc_row][vc_row css=&#8221;.vc_custom_1675691132515{margin-top: 8vh !important;margin-bottom: 8vh !important;}&#8221;][vc_column][vc_column_text] Cos&#8217;\u00e8 l&#8217;Impianto Dentale? L&#8217;impianto \u00e8 una radice dentale artificiale, solitamente a forma di vite, che viene inserita nella mascella per sostituire i denti mancanti. Poich\u00e9 l&#8217;osso mascellare percepisce il titanio come una parte del corpo, gli impianti sono realizzati principalmente in [&hellip;]<\/p>\n","protected":false},"author":1,"featured_media":0,"parent":0,"menu_order":0,"comment_status":"closed","ping_status":"closed","template":"","meta":{"footnotes":""},"class_list":["post-3899","page","type-page","status-publish","hentry"],"_links":{"self":[{"href":"https:\/\/sengelclinics.com\/it\/wp-json\/wp\/v2\/pages\/3899","targetHints":{"allow":["GET"]}}],"collection":[{"href":"https:\/\/sengelclinics.com\/it\/wp-json\/wp\/v2\/pages"}],"about":[{"href":"https:\/\/sengelclinics.com\/it\/wp-json\/wp\/v2\/types\/page"}],"author":[{"embeddable":true,"href":"https:\/\/sengelclinics.com\/it\/wp-json\/wp\/v2\/users\/1"}],"replies":[{"embeddable":true,"href":"https:\/\/sengelclinics.com\/it\/wp-json\/wp\/v2\/comments?post=3899"}],"version-history":[{"count":2,"href":"https:\/\/sengelclinics.com\/it\/wp-json\/wp\/v2\/pages\/3899\/revisions"}],"predecessor-version":[{"id":3975,"href":"https:\/\/sengelclinics.com\/it\/wp-json\/wp\/v2\/pages\/3899\/revisions\/3975"}],"wp:attachment":[{"href":"https:\/\/sengelclinics.com\/it\/wp-json\/wp\/v2\/media?parent=3899"}],"curies":[{"name":"wp","href":"https:\/\/api.w.org\/{rel}","templated":true}]}}