{"id":3903,"date":"2023-02-06T17:10:11","date_gmt":"2023-02-06T14:10:11","guid":{"rendered":"https:\/\/sengelclinics.com\/kadinlarda-hormonal-donemlerde-dis-sagligi\/"},"modified":"2026-01-23T11:51:29","modified_gmt":"2026-01-23T08:51:29","slug":"salute-dentale-durante-i-periodi-ormonali-nelle-donne","status":"publish","type":"page","link":"https:\/\/sengelclinics.com\/it\/salute-dentale-durante-i-periodi-ormonali-nelle-donne\/","title":{"rendered":"Salute Dentale durante i Periodi Ormonali nelle Donne"},"content":{"rendered":"<p>[vc_row css=&#8221;.vc_custom_1691649870570{background-image: url(https:\/\/sengelclinics.com\/wp-content\/uploads\/2023\/02\/tedavi-ust.jpg?id=866) !important;}&#8221;][vc_column css=&#8221;.vc_custom_1675671306875{padding-top: 20vh !important;padding-bottom: 20vh !important;}&#8221;][\/vc_column][\/vc_row][vc_row css=&#8221;.vc_custom_1675691132515{margin-top: 8vh !important;margin-bottom: 8vh !important;}&#8221;][vc_column][vc_column_text]<\/p>\n<h4 style=\"text-align: center;\">Salute Dentale durante i Periodi Ormonali nelle Donne<\/h4>\n<div class=\"pageText\">\n<p class=\"title pink\">Salute Dentale durante i Periodi Ormonali nelle Donne<\/p>\n<div class=\"pageText\">\n<p>Le donne devono prestare maggiore attenzione alla salute orale e dentale durante i periodi di cambiamenti ormonali. In particolare, il periodo pre-gravidanza, la gravidanza, l&#8217;allattamento e la menopausa sono fasi cruciali per la salute dei denti.<\/p>\n<p><strong>I controlli dentistici prima di questi periodi sono essenziali<\/strong><\/p>\n<p>Oltre alla cura quotidiana dei denti, i controlli dentistici a intervalli di 3-6 mesi sono estremamente importanti. In aggiunta a questi processi di cura, le donne dovrebbero sottoporsi a un controllo orale dettagliato prima dei periodi ormonali. I problemi individuati dal dentista devono essere eliminati prima di entrare in queste fasi. Poich\u00e9 non \u00e8 possibile effettuare radiografie durante la gravidanza, \u00e8 necessario eseguire una radiografia panoramica completa delle mascelle superiore e inferiore prima del concepimento, affinch\u00e9 il medico possa esaminarla in dettaglio.<\/p>\n<p><strong>Le carie possono aumentare durante la gravidanza<\/strong><\/p>\n<p>Va sottolineato che la gravidanza \u00e8 il periodo pi\u00f9 particolare per la salute dentale femminile.<\/p>\n<p>Durante la gravidanza, il livello di acidit\u00e0 della bocca cambia, provocando una variazione dell&#8217;ambiente batterico. Soprattutto nelle persone con problemi di nausea e vomito, l&#8217;acido gastrico causa effetti negativi sui denti e sulle gengive. Si verifica un aumento delle carie dentali dovuto alle nausee; se l&#8217;igiene orale viene trascurata in questo periodo, il rischio pu\u00f2 raggiungere dimensioni pi\u00f9 gravi. Per proteggere i denti, la bocca deve essere risciacquata con acqua dopo il vomito e i denti devono essere spazzolati mezz&#8217;ora dopo.<\/p>\n<p><strong>Salute orale e dentale durante la menopausa<\/strong><\/p>\n<p>\u00c8 necessario prestare attenzione al fatto che, oltre ai cambiamenti ormonali, durante la menopausa si verificano anche cambiamenti psicologici. A causa di questi ultimi, l&#8217;igiene orale pu\u00f2 essere trascurata. In questo periodo, il livello di estrogeni scende al minimo; la carenza di estrogeni influisce negativamente sull&#8217;assorbimento del calcio e causa l&#8217;osteoporosi. A causa dei farmaci utilizzati in questa fase, la secrezione salivare diminuisce, la mucosa orale e lo spessore gengivale si riducono. Insieme all&#8217;osteoporosi e alla recessione gengivale, \u00e8 necessario effettuare controlli dentistici regolari e i trattamenti necessari senza interruzioni, sia prima che durante questo periodo. Per prevenire l&#8217;osteoporosi, che appare come il problema pi\u00f9 serio di questa fase, \u00e8 necessario assumere una quantit\u00e0 adeguata di calcio; per prevenire la perdita dei denti, occorre prestare attenzione all&#8217;igiene orale. Per contrastare la secchezza delle fauci, la bocca deve essere risciacquata frequentemente con acqua; se ci\u00f2 non fosse sufficiente, si dovrebbero utilizzare soluzioni di saliva artificiale e collutori idratanti.<\/p>\n<\/div>\n<\/div>\n<p>[\/vc_column_text][\/vc_column][\/vc_row]<\/p>\n","protected":false},"excerpt":{"rendered":"<p>[vc_row css=&#8221;.vc_custom_1691649870570{background-image: url(https:\/\/sengelclinics.com\/wp-content\/uploads\/2023\/02\/tedavi-ust.jpg?id=866) !important;}&#8221;][vc_column css=&#8221;.vc_custom_1675671306875{padding-top: 20vh !important;padding-bottom: 20vh !important;}&#8221;][\/vc_column][\/vc_row][vc_row css=&#8221;.vc_custom_1675691132515{margin-top: 8vh !important;margin-bottom: 8vh !important;}&#8221;][vc_column][vc_column_text] Salute Dentale durante i Periodi Ormonali nelle Donne Salute Dentale durante i Periodi Ormonali nelle Donne Le donne devono prestare maggiore attenzione alla salute orale e dentale durante i periodi di cambiamenti ormonali. In particolare, il periodo pre-gravidanza, la gravidanza, l&#8217;allattamento [&hellip;]<\/p>\n","protected":false},"author":1,"featured_media":0,"parent":0,"menu_order":0,"comment_status":"closed","ping_status":"closed","template":"","meta":{"footnotes":""},"class_list":["post-3903","page","type-page","status-publish","hentry"],"_links":{"self":[{"href":"https:\/\/sengelclinics.com\/it\/wp-json\/wp\/v2\/pages\/3903","targetHints":{"allow":["GET"]}}],"collection":[{"href":"https:\/\/sengelclinics.com\/it\/wp-json\/wp\/v2\/pages"}],"about":[{"href":"https:\/\/sengelclinics.com\/it\/wp-json\/wp\/v2\/types\/page"}],"author":[{"embeddable":true,"href":"https:\/\/sengelclinics.com\/it\/wp-json\/wp\/v2\/users\/1"}],"replies":[{"embeddable":true,"href":"https:\/\/sengelclinics.com\/it\/wp-json\/wp\/v2\/comments?post=3903"}],"version-history":[{"count":2,"href":"https:\/\/sengelclinics.com\/it\/wp-json\/wp\/v2\/pages\/3903\/revisions"}],"predecessor-version":[{"id":3990,"href":"https:\/\/sengelclinics.com\/it\/wp-json\/wp\/v2\/pages\/3903\/revisions\/3990"}],"wp:attachment":[{"href":"https:\/\/sengelclinics.com\/it\/wp-json\/wp\/v2\/media?parent=3903"}],"curies":[{"name":"wp","href":"https:\/\/api.w.org\/{rel}","templated":true}]}}