{"id":3919,"date":"2023-04-11T16:55:21","date_gmt":"2023-04-11T13:55:21","guid":{"rendered":"https:\/\/sengelclinics.com\/periodontoloji\/"},"modified":"2026-01-24T01:18:50","modified_gmt":"2026-01-23T22:18:50","slug":"periodontologia","status":"publish","type":"page","link":"https:\/\/sengelclinics.com\/it\/periodontologia\/","title":{"rendered":"Parodontologia"},"content":{"rendered":"<p>[vc_row css=&#8221;.vc_custom_1691654650261{background-image: url(https:\/\/sengelclinics.com\/wp-content\/uploads\/2023\/02\/tedavi-ust.jpg?id=866) !important;}&#8221; row_hide=&#8221;hidden-xs hidden-sm&#8221;][vc_column css=&#8221;.vc_custom_1675671306875{padding-top: 20vh !important;padding-bottom: 20vh !important;}&#8221;][\/vc_column][\/vc_row][vc_row bg_position=&#8221;center center&#8221; css=&#8221;.vc_custom_1691654665735{background-image: url(https:\/\/sengelclinics.com\/wp-content\/uploads\/2023\/08\/iltisim-banner-alt-mobil.jpg?id=2774) !important;}&#8221; row_hide=&#8221;hidden-md hidden-lg&#8221;][vc_column css=&#8221;.vc_custom_1675671306875{padding-top: 20vh !important;padding-bottom: 20vh !important;}&#8221;][\/vc_column][\/vc_row][vc_row responsive_css=&#8221;padding_top_medium:40px|padding_bottom_medium:55px&#8221; css=&#8221;.vc_custom_1621614063873{padding-top: 30px !important;padding-bottom: 30px !important;}&#8221; el_id=&#8221;investment-plans&#8221;][vc_column]<style><\/style><style>.ld_tabs_69e1a95300d40 .lqd-tabs-nav > li > a, .ld_tabs_69e1a95300d40 .lqd-tabs-nav .h3{font-size:16px;line-height:1.15em;}.ld_tabs_69e1a95300d40 .lqd-tabs-nav li.active a .h3{color:inherit;}.ld_tabs_69e1a95300d40 .lqd-tabs-nav a{color:rgb(0, 97, 148);}.ld_tabs_69e1a95300d40 .lqd-tabs-nav li.active a{color:rgb(16, 58, 64);}.ld_tabs_69e1a95300d40 .lqd-tabs-nav .iconbox-icon-container{color:rgb(15, 90, 100);}.ld_tabs_69e1a95300d40 .lqd-tabs-nav{border-color:rgba(15, 90, 100, 0.15);}.ld_tabs_69e1a95300d40 .lqd-tabs-nav li:after{background:rgb(15, 90, 100);}<\/style><div class=\"lqd-tabs lqd-tabs-style-3 ld_tabs_69e1a95300d40\" data-tabs-options='{\"trigger\":\"click\"}'>\n\n\t<nav class=\"lqd-tabs-nav-wrap mb-5\">\n\t\t<ul class=\"reset-ul lqd-tabs-nav d-flex align-items-center justify-content-md-between\" role=\"tablist\"><li data-controls=\"lqd-1621606707710-9716e7e7-7eb02eec-13f8a50a-62d4\" role=\"presentation\" class=\"ld_tab_section-69e1a952f2db2 active text-center\"><a href=\"#lqd-1621606707710-9716e7e7-7eb02eec-13f8a50a-62d4\" aria-expanded=\"false\" aria-controls=\"lqd-1621606707710-9716e7e7-7eb02eec-13f8a50a-62d4\" role=\"tab\" data-toggle=\"tab\"><span class=\"iconbox\"><span class=\"contents d-flex flex-column\">\n\t\t\t\t\t\t\t\t<span class=\"iconbox-title h3 my-0\">Periodontologia<\/span><\/span>\n\t\t\t\t\t\t<\/span><span class=\"lqd-tabs-nav-progress\">\n\t\t\t\t\t\t\t<span class=\"lqd-tabs-nav-progress-inner\"><\/span>\n\t\t\t\t\t\t<\/span><\/a><\/li><li data-controls=\"lqd-1621607366667-5dea8b2e-8e412eec-13f8a50a-62d4\" role=\"presentation\" class=\"ld_tab_section-69e1a952f40a5 text-center\"><a href=\"#lqd-1621607366667-5dea8b2e-8e412eec-13f8a50a-62d4\" aria-expanded=\"false\" aria-controls=\"lqd-1621607366667-5dea8b2e-8e412eec-13f8a50a-62d4\" role=\"tab\" data-toggle=\"tab\"><span class=\"iconbox\"><span class=\"contents d-flex flex-column\">\n\t\t\t\t\t\t\t\t<span class=\"iconbox-title h3 my-0\">Trattamenti estetici gengivali<\/span><\/span>\n\t\t\t\t\t\t<\/span><span class=\"lqd-tabs-nav-progress\">\n\t\t\t\t\t\t\t<span class=\"lqd-tabs-nav-progress-inner\"><\/span>\n\t\t\t\t\t\t<\/span><\/a><\/li><li data-controls=\"lqd-1621607374179-5cdd6882-beb02eec-13f8a50a-62d4\" role=\"presentation\" class=\"ld_tab_section-69e1a953001fb text-center\"><a href=\"#lqd-1621607374179-5cdd6882-beb02eec-13f8a50a-62d4\" aria-expanded=\"false\" aria-controls=\"lqd-1621607374179-5cdd6882-beb02eec-13f8a50a-62d4\" role=\"tab\" data-toggle=\"tab\"><span class=\"iconbox\"><span class=\"contents d-flex flex-column\">\n\t\t\t\t\t\t\t\t<span class=\"iconbox-title h3 my-0\">Trattamenti delle recessioni gengivali<\/span><\/span>\n\t\t\t\t\t\t<\/span><span class=\"lqd-tabs-nav-progress\">\n\t\t\t\t\t\t\t<span class=\"lqd-tabs-nav-progress-inner\"><\/span>\n\t\t\t\t\t\t<\/span><\/a><\/li><li data-controls=\"lqd-1621607383112-12e883f3-202e2eec-13f8a50a-62d4\" role=\"presentation\" class=\"ld_tab_section-69e1a95300421 text-center\"><a href=\"#lqd-1621607383112-12e883f3-202e2eec-13f8a50a-62d4\" aria-expanded=\"false\" aria-controls=\"lqd-1621607383112-12e883f3-202e2eec-13f8a50a-62d4\" role=\"tab\" data-toggle=\"tab\"><span class=\"iconbox\"><span class=\"contents d-flex flex-column\">\n\t\t\t\t\t\t\t\t<span class=\"iconbox-title h3 my-0\">Frenectomia<\/span><\/span>\n\t\t\t\t\t\t<\/span><span class=\"lqd-tabs-nav-progress\">\n\t\t\t\t\t\t\t<span class=\"lqd-tabs-nav-progress-inner\"><\/span>\n\t\t\t\t\t\t<\/span><\/a><\/li><li data-controls=\"lqd-1684248669290-a549ddc7-8cf4a50a-62d4\" role=\"presentation\" class=\"ld_tab_section-69e1a95300611 text-center\"><a href=\"#lqd-1684248669290-a549ddc7-8cf4a50a-62d4\" aria-expanded=\"false\" aria-controls=\"lqd-1684248669290-a549ddc7-8cf4a50a-62d4\" role=\"tab\" data-toggle=\"tab\"><span class=\"iconbox\"><span class=\"contents d-flex flex-column\">\n\t\t\t\t\t\t\t\t<span class=\"iconbox-title h3 my-0\">Interventi flap gengivali<\/span><\/span>\n\t\t\t\t\t\t<\/span><span class=\"lqd-tabs-nav-progress\">\n\t\t\t\t\t\t\t<span class=\"lqd-tabs-nav-progress-inner\"><\/span>\n\t\t\t\t\t\t<\/span><\/a><\/li><li data-controls=\"lqd-1684312080555-3efba09d-afa9\" role=\"presentation\" class=\"ld_tab_section-69e1a953007c0 text-center\"><a href=\"#lqd-1684312080555-3efba09d-afa9\" aria-expanded=\"false\" aria-controls=\"lqd-1684312080555-3efba09d-afa9\" role=\"tab\" data-toggle=\"tab\"><span class=\"iconbox\"><span class=\"contents d-flex flex-column\">\n\t\t\t\t\t\t\t\t<span class=\"iconbox-title h3 my-0\">Trattamento parodontale assistito da laser (biomateriale)<\/span><\/span>\n\t\t\t\t\t\t<\/span><span class=\"lqd-tabs-nav-progress\">\n\t\t\t\t\t\t\t<span class=\"lqd-tabs-nav-progress-inner\"><\/span>\n\t\t\t\t\t\t<\/span><\/a><\/li><li data-controls=\"lqd-1684312132758-058a86b0-fd79\" role=\"presentation\" class=\"ld_tab_section-69e1a9530096c text-center\"><a href=\"#lqd-1684312132758-058a86b0-fd79\" aria-expanded=\"false\" aria-controls=\"lqd-1684312132758-058a86b0-fd79\" role=\"tab\" data-toggle=\"tab\"><span class=\"iconbox\"><span class=\"contents d-flex flex-column\">\n\t\t\t\t\t\t\t\t<span class=\"iconbox-title h3 my-0\">Levigatura della superficie radicolare (curettage)<\/span><\/span>\n\t\t\t\t\t\t<\/span><span class=\"lqd-tabs-nav-progress\">\n\t\t\t\t\t\t\t<span class=\"lqd-tabs-nav-progress-inner\"><\/span>\n\t\t\t\t\t\t<\/span><\/a><\/li><li data-controls=\"lqd-1684312184237-2004d910-fed7\" role=\"presentation\" class=\"ld_tab_section-69e1a95300b76 text-center\"><a href=\"#lqd-1684312184237-2004d910-fed7\" aria-expanded=\"false\" aria-controls=\"lqd-1684312184237-2004d910-fed7\" role=\"tab\" data-toggle=\"tab\"><span class=\"iconbox\"><span class=\"contents d-flex flex-column\">\n\t\t\t\t\t\t\t\t<span class=\"iconbox-title h3 my-0\">Pulizia del tartaro dentale<\/span><\/span>\n\t\t\t\t\t\t<\/span><span class=\"lqd-tabs-nav-progress\">\n\t\t\t\t\t\t\t<span class=\"lqd-tabs-nav-progress-inner\"><\/span>\n\t\t\t\t\t\t<\/span><\/a><\/li><\/ul>\t\t \n\t<\/nav>\n\n\t<div class=\"lqd-tabs-content mb-5\"><div id=\"lqd-1621606707710-9716e7e7-7eb02eec-13f8a50a-62d4\" role=\"tabpanel\" class=\"lqd-tabs-pane fade active in\">[vc_row_inner][vc_column_inner width=&#8221;1\/2&#8243; css=&#8221;.vc_custom_1684308740081{margin-top: 45px !important;border-top-width: 1px !important;border-right-width: 1px !important;border-bottom-width: 1px !important;border-left-width: 1px !important;padding-top: 20px !important;padding-right: 25px !important;padding-left: 25px !important;}&#8221; el_class=&#8221;mobOrder2&#8243;]<style>.ld_fancy_heading_69e1a952f2f09 p {font-weight:500; } .ld_fancy_heading_69e1a952f2f09 .lqd-highlight-inner{height:0.275em!important;bottom:0px!important;}.ld_fancy_heading_69e1a952f2f09 p {font-weight:500; } <\/style><div class=\"ld-fancy-heading ld_fancy_heading_69e1a952f2f09\">\n\t<p class=\"ld-fh-element lqd-highlight-underline lqd-highlight-grow-left text-decoration-default\"   >  <strong>Parodontologia (malattie gengivali)<\/strong><\/p>\n<p>Sebbene una grande parte della popolazione sia colpita dalle malattie gengivali, individuare i fattori che causano i problemi e trattarli pu\u00f2 risultare complesso. La prevenzione o il trattamento delle malattie gengivali, oltre a consentire la conservazione dei denti naturali, offre anche altri benefici come una masticazione pi\u00f9 confortevole e una migliore digestione.<\/p>\n<p>La parodontologia \u00e8 il campo medico che si occupa delle malattie che colpiscono le gengive e gli altri tessuti di supporto dei denti.<\/p>\n<p><strong>Immagini relative al nostro servizio di trattamento<\/strong><br \/>\n<\/p><\/div>[vc_single_image image=&#8221;956&#8243;][\/vc_column_inner][vc_column_inner width=&#8221;1\/2&#8243; css=&#8221;.vc_custom_1684308749719{padding-top: 30px !important;padding-right: 30px !important;padding-bottom: 30px !important;padding-left: 30px !important;background-color: rgba(0,97,148,0.45) !important;*background-color: rgb(0,97,148) !important;}&#8221; el_class=&#8221;mobOrder1&#8243;]<style>.ld_cf7_69e1a952f330c input,.ld_cf7_69e1a952f330c textarea,.ld_cf7_69e1a952f330c .ui-button.ui-selectmenu-button{font-size:13px;}.ld_cf7_69e1a952f330c input[type=\"submit\"]{font-size:14px;}.ld_cf7_69e1a952f330c input, .ld_cf7_69e1a952f330c select, .ld_cf7_69e1a952f330c textarea, .ld_cf7_69e1a952f330c .ui-button.ui-selectmenu-button{background:rgb(247, 248, 248);}.ld_cf7_69e1a952f330c input, .ld_cf7_69e1a952f330c select, .ld_cf7_69e1a952f330c textarea, .ld_cf7_69e1a952f330c .ui-button.ui-selectmenu-button, .ld_cf7_69e1a952f330c .wpcf7-form-control-wrap > i, .ld_cf7_69e1a952f330c .wpcf7-radio{color:rgb(123, 131, 142);}.ld_cf7_69e1a952f330c input:focus, .ld_cf7_69e1a952f330c select:focus, .ld_cf7_69e1a952f330c textarea:focus, .ld_cf7_69e1a952f330c .ui-button.ui-selectmenu-button:hover, .wpcf7-acceptance .wpcf7-list-item-label:after{color:rgb(0, 0, 0);}<\/style><div id=\"ld_cf7_69e1a952f330c\" class=\"lqd-contact-form lqd-contact-form-inputs-filled lqd-contact-form-inputs-round lqd-contact-form-button-block lqd-contact-form-button-round ld_cf7_69e1a952f330c vc_custom_1769206728796\">\n\t\n<div class=\"wpcf7 no-js\" id=\"wpcf7-f4040-o1\" lang=\"it-IT\" dir=\"ltr\" data-wpcf7-id=\"4040\">\n<div class=\"screen-reader-response\"><p role=\"status\" aria-live=\"polite\" aria-atomic=\"true\"><\/p> <ul><\/ul><\/div>\n<form action=\"\/it\/wp-json\/wp\/v2\/pages\/3919#wpcf7-f4040-o1\" method=\"post\" class=\"wpcf7-form init\" aria-label=\"Modulo di contatto\" novalidate=\"novalidate\" data-status=\"init\">\n<fieldset class=\"hidden-fields-container\"><input type=\"hidden\" name=\"_wpcf7\" value=\"4040\" \/><input type=\"hidden\" name=\"_wpcf7_version\" value=\"6.1.4\" \/><input type=\"hidden\" name=\"_wpcf7_locale\" value=\"it_IT\" \/><input type=\"hidden\" name=\"_wpcf7_unit_tag\" value=\"wpcf7-f4040-o1\" \/><input type=\"hidden\" name=\"_wpcf7_container_post\" value=\"0\" \/><input type=\"hidden\" name=\"_wpcf7_posted_data_hash\" value=\"\" \/>\n<\/fieldset>\n<div class=\"row\">\n\t<p class=\"col-md-6\"><br \/>\n<span class=\"wpcf7-form-control-wrap\" data-name=\"text-500\"><input size=\"40\" maxlength=\"400\" class=\"wpcf7-form-control wpcf7-text wpcf7-validates-as-required\" aria-required=\"true\" aria-invalid=\"false\" placeholder=\"Nome\" value=\"\" type=\"text\" name=\"text-500\" \/><\/span>\n\t<\/p>\n\t<p class=\"col-md-6\"><br \/>\n<span class=\"wpcf7-form-control-wrap\" data-name=\"email-48\"><input size=\"40\" maxlength=\"400\" class=\"wpcf7-form-control wpcf7-email wpcf7-validates-as-required wpcf7-text wpcf7-validates-as-email\" aria-required=\"true\" aria-invalid=\"false\" placeholder=\"E-mail\" value=\"\" type=\"email\" name=\"email-48\" \/><\/span>\n\t<\/p>\n\t<p class=\"col-md-12\"><br \/>\n<span class=\"wpcf7-form-control-wrap intl_tel-713\"><input class=\"wpcf7-form-control wpcf7-intl_tel wpcf7-validates-as-required wpcf7-intl-tel\" aria-required=\"true\" aria-invalid=\"false\" placeholder=\"Il tuo numero\" data-initialcountry=\"tr\" value=\"\" type=\"tel\" name=\"intl_tel-713-cf7it-national\" \/><input name=\"intl_tel-713\" type=\"hidden\" class=\"wpcf7-intl-tel-full\" \/><input type=\"hidden\" name=\"intl_tel-713-cf7it-country-name\" class=\"wpcf7-intl-tel-country-name\" \/><input type=\"hidden\" name=\"intl_tel-713-cf7it-country-code\" class=\"wpcf7-intl-tel-country-code\" \/><input type=\"hidden\" name=\"intl_tel-713-cf7it-country-iso2\" class=\"wpcf7-intl-tel-country-iso2\" \/><\/span>\n\t<\/p>\n\t<p class=\"col-md-12\"><br \/>\n<span class=\"wpcf7-form-control-wrap\" data-name=\"text-870\"><input size=\"40\" maxlength=\"400\" class=\"wpcf7-form-control wpcf7-text wpcf7-validates-as-required\" aria-required=\"true\" aria-invalid=\"false\" placeholder=\"Il tuo messaggio\" value=\"\" type=\"text\" name=\"text-870\" \/><\/span>\n\t<\/p>\n\t<p class=\"col-md-12\"><br \/>\n<input class=\"wpcf7-form-control wpcf7-submit has-spinner\" type=\"submit\" value=\"Invia\" \/>\n\t<\/p>\n<\/div><div class=\"wpcf7-response-output\" aria-hidden=\"true\"><\/div>\n<\/form>\n<\/div>\n<\/div>[\/vc_column_inner][\/vc_row_inner]<\/div><div id=\"lqd-1621607366667-5dea8b2e-8e412eec-13f8a50a-62d4\" role=\"tabpanel\" class=\"lqd-tabs-pane fade\"><style>.ld_fancy_heading_69e1a952f4210 .lqd-highlight-inner{height:0.275em!important;bottom:0px!important;}<\/style><div class=\"ld-fancy-heading ld_fancy_heading_69e1a952f4210\">\n\t<p class=\"ld-fh-element lqd-highlight-underline lqd-highlight-grow-left text-decoration-default\"   >  <\/p>\n<div class=\"vc_row vc_inner vc_row-fluid liquid-row-shadowbox-64355af7270ef\">\n<div class=\"ld-container container-fluid\">\n<div class=\"row ld-row ld-row-inner\">\n<div class=\"wpb_column vc_column_container vc_col-sm-12 liquid-column-64355af727985\">\n<div class=\"vc_column-inner \">\n<div class=\"wpb_wrapper\">\n<div class=\"wpb_text_column wpb_content_element \">\n<div class=\"wpb_wrapper\">\n<p><strong>Trattamenti estetici gengivali<\/strong><\/p>\n<p>Per sorrisi estetici, non trascurare le gengive\u2026<\/p>\n<p>Le gengive sono uno degli elementi indispensabili dell\u2019estetica dentale. Procedure come l\u2019allungamento della corona clinica, la depigmentazione (rimozione delle macchie scure), la gengivectomia e la gengivoplastica possono essere incluse nell\u2019ambito dei trattamenti estetici gengivali.<\/p>\n<p>Le procedure eseguite con l\u2019obiettivo di migliorare l\u2019estetica dentale rientrano in questa categoria. Alcune di esse sono le seguenti:<\/p>\n<p>L\u2019allungamento della corona clinica \u00e8 un trattamento eseguito per far apparire i denti pi\u00f9 lunghi mediante la rimozione, con il laser, dell\u2019eccesso di tessuto gengivale.<\/p>\n<p>La depigmentazione \u00e8 la procedura che consente di eliminare, con metodi appropriati, le colorazioni scure presenti sulle gengive per diverse cause.<\/p>\n<p>La gengivectomia \u00e8 l\u2019intervento di rimozione delle strutture formatesi a seguito dell\u2019accumulo di batteri dovuto all\u2019infiltrazione di residui alimentari nelle sporgenze gengivali chiamate \u201ctasche\u201d. In alcuni casi, dopo questa procedura pu\u00f2 essere necessario modellare esteticamente le gengive; tale intervento \u00e8 definito gengivoplastica (rimodellamento).<\/p>\n<p><strong>Immagini relative al nostro servizio di trattamento<\/strong><\/p>\n<\/div>\n<\/div>\n<\/div>\n<\/div>\n<\/div>\n<\/div>\n<\/div>\n<\/div>\n<p><\/p><\/div>[vc_single_image image=&#8221;957&#8243;]<\/div><div id=\"lqd-1621607374179-5cdd6882-beb02eec-13f8a50a-62d4\" role=\"tabpanel\" class=\"lqd-tabs-pane fade\"><style>.ld_fancy_heading_69e1a953002e5 .lqd-highlight-inner{height:0.275em!important;bottom:0px!important;}<\/style><div class=\"ld-fancy-heading ld_fancy_heading_69e1a953002e5\">\n\t<p class=\"ld-fh-element lqd-highlight-underline lqd-highlight-grow-left text-decoration-default\"   >  <strong>Trattamenti delle recessioni gengivali<\/strong><\/p>\n<p>Supera le recessioni gengivali per gengive sane\u2026<\/p>\n<p>Le gengive sono importanti quanto i denti sia dal punto di vista della salute sia da quello estetico. Inoltre, a causa di gengive non sane, \u00e8 possibile perdere anche denti perfettamente integri. Il trattamento della recessione gengivale, uno dei problemi gengivali pi\u00f9 comuni, pu\u00f2 essere piuttosto semplice.<\/p>\n<p>La recessione gengivale \u00e8 il processo di arretramento del tessuto gengivale verso la radice del dente. A causa della recessione, i denti diventano pi\u00f9 visibili e si formano spazi nelle aree in cui inizia la gengiva. Questi spazi creano un ambiente favorevole alla proliferazione dei batteri. Nei casi avanzati, la recessione gengivale pu\u00f2 causare danni ai tessuti e all\u2019osso e portare alla perdita del dente.<\/p>\n<p><strong>Immagini relative al nostro servizio di trattamento<\/strong><br \/>\n<\/p><\/div>[vc_single_image image=&#8221;958&#8243;]<\/div><div id=\"lqd-1621607383112-12e883f3-202e2eec-13f8a50a-62d4\" role=\"tabpanel\" class=\"lqd-tabs-pane fade\"><style>.ld_fancy_heading_69e1a953004e1 .lqd-highlight-inner{height:0.275em!important;bottom:0px!important;}<\/style><div class=\"ld-fancy-heading ld_fancy_heading_69e1a953004e1\">\n\t<p class=\"ld-fh-element lqd-highlight-underline lqd-highlight-grow-left text-decoration-default\"   >  <strong>Frenectomia (rimozione del frenulo labiale e linguale)<\/strong><\/p>\n<p align=\"justify\">Contattaci per le pi\u00f9 moderne tecniche di frenectomia<\/p>\n<p align=\"justify\">Hai mai notato le piccole connessioni all\u2019interno della bocca che fissano la lingua, le labbra e le guance al palato? Questi piccoli tessuti, che variano da persona a persona, possono talvolta causare problemi seri come disturbi della parola. Nelle nostre cliniche, tali anomalie possono essere eliminate con interventi brevi e indolori.<\/p>\n<p align=\"justify\">La frenectomia \u00e8 l\u2019intervento chirurgico di rimozione dei legamenti intraorali chiamati frenuli. I frenuli sono sottili bande di tessuto molle che collegano labbra, lingua e guance al palato. Si trovano tra gli incisivi centrali superiori e inferiori delle labbra, tra le guance e i denti posteriori e tra la lingua e il pavimento della bocca. Il frenulo varia per dimensione e struttura in ogni individuo. In alcune persone, la conformazione del frenulo linguale pu\u00f2 limitare i movimenti della lingua e causare disturbi della parola o diversi problemi gengivali.<\/p>\n<p><strong>Immagini relative al nostro servizio di trattamento<\/strong><br \/>\n<\/p><\/div>[vc_single_image image=&#8221;1277&#8243;]<\/div><div id=\"lqd-1684248669290-a549ddc7-8cf4a50a-62d4\" role=\"tabpanel\" class=\"lqd-tabs-pane fade\"><style>.ld_fancy_heading_69e1a953006c4 .lqd-highlight-inner{height:0.275em!important;bottom:0px!important;}<\/style><div class=\"ld-fancy-heading ld_fancy_heading_69e1a953006c4\">\n\t<p class=\"ld-fh-element lqd-highlight-underline lqd-highlight-grow-left text-decoration-default\"   >  <strong>Interventi flap gengivali<\/strong><\/p>\n<p align=\"justify\">Con gli interventi flap \u00e8 possibile ottenere gengive pi\u00f9 sane<\/p>\n<p align=\"justify\">Non \u00e8 possibile creare un ambiente completamente privo di batteri all\u2019interno della bocca, ma \u00e8 possibile tenerli sotto controllo. Quando i batteri avanzano al di sotto delle gengive, le infezioni gengivali che si sviluppano possono causare problemi sia dal punto di vista della salute sia estetico. Tuttavia, queste infezioni possono essere trattate facilmente con gli interventi flap.<\/p>\n<p align=\"justify\">L\u2019intervento flap \u00e8 una procedura chirurgica che viene eseguita nei casi in cui la terapia chiusa della superficie radicolare non risulti sufficiente. Consiste nell\u2019apertura di tasche gengivali di circa 6\u20137 mm, nella rimozione sotto anestesia locale delle formazioni batteriche, del tartaro e dei biofilm presenti sotto tali tasche. La gengiva sollevata delicatamente viene pulita e successivamente suturata nella nuova posizione con punti sottili.<\/p>\n<p><strong>Immagini relative al nostro servizio di trattamento<\/strong><br \/>\n<\/p><\/div>[vc_single_image image=&#8221;1278&#8243;][vc_single_image image=&#8221;1406&#8243;]<\/div><div id=\"lqd-1684312080555-3efba09d-afa9\" role=\"tabpanel\" class=\"lqd-tabs-pane fade\"><style>.ld_fancy_heading_69e1a95300873 .lqd-highlight-inner{height:0.275em!important;bottom:0px!important;}<\/style><div class=\"ld-fancy-heading ld_fancy_heading_69e1a95300873\">\n\t<p class=\"ld-fh-element lqd-highlight-underline lqd-highlight-grow-left text-decoration-default\"   >  <strong>Trattamento parodontale assistito da laser (biomateriale)<\/strong><\/p>\n<p align=\"justify\">Con il laser, il trattamento parodontale \u00e8 ormai indolore e semplice<\/p>\n<p align=\"justify\">Il laser, uno dei benefici della tecnologia in continua evoluzione, ha iniziato a essere ampiamente utilizzato anche nella terapia parodontale. \u00c8 possibile eliminare i batteri responsabili dei problemi gengivali utilizzando esclusivamente il laser, senza alcun intervento chirurgico.<\/p>\n<p align=\"justify\">Il trattamento parodontale assistito da laser\/biomateriali consiste nell\u2019eliminazione delle formazioni batteriche accumulate nelle aree parodontali bersaglio mediante l\u2019uso di un laser a una specifica lunghezza d\u2019onda. Poich\u00e9 non viene effettuato alcun taglio dei tessuti gengivali o ossei, la sensazione di dolore e fastidio viene ridotta al minimo.<\/p>\n<p><strong>Immagini relative al nostro servizio di trattamento<\/strong><br \/>\n<\/p><\/div>[vc_single_image image=&#8221;1279&#8243;]<\/div><div id=\"lqd-1684312132758-058a86b0-fd79\" role=\"tabpanel\" class=\"lqd-tabs-pane fade\"><style>.ld_fancy_heading_69e1a95300a4f .lqd-highlight-inner{height:0.275em!important;bottom:0px!important;}<\/style><div class=\"ld-fancy-heading ld_fancy_heading_69e1a95300a4f\">\n\t<p class=\"ld-fh-element lqd-highlight-underline lqd-highlight-grow-left text-decoration-default\"   >  <strong>Levigatura della superficie radicolare (curettage)<\/strong><\/p>\n<p align=\"justify\">Con il trattamento di curettage, una sensazione di pulizia profonda per i tuoi denti\u2026<\/p>\n<p align=\"justify\">Il tartaro non trattato pu\u00f2 causare gravi problemi orali. La rimozione delle formazioni di tartaro avanzate mediante il curettage \u00e8 un trattamento pi\u00f9 lungo e che richiede competenza specialistica; per questo motivo \u00e8 necessario sottoporsi regolarmente alla pulizia del tartaro.<\/p>\n<p align=\"justify\">\u00c8 la procedura di pulizia eseguita quando il tartaro si estende fino alle superfici radicolari dei denti. Con il progredire del tartaro possono verificarsi recessioni gengivali e infiammazioni delle gengive; nei casi pi\u00f9 avanzati pu\u00f2 insorgere anche il riassorbimento osseo. Il tartaro pu\u00f2 inoltre formarsi tra dente e gengiva, accumulandosi sulla superficie delle radici dentali.<\/p>\n<p><strong>Immagini relative al nostro servizio di trattamento<\/strong><br \/>\n<\/p><\/div>[vc_single_image image=&#8221;1280&#8243;]<\/div><div id=\"lqd-1684312184237-2004d910-fed7\" role=\"tabpanel\" class=\"lqd-tabs-pane fade\"><style>.ld_fancy_heading_69e1a95300c3f .lqd-highlight-inner{height:0.275em!important;bottom:0px!important;}<\/style><div class=\"ld-fancy-heading ld_fancy_heading_69e1a95300c3f\">\n\t<p class=\"ld-fh-element lqd-highlight-underline lqd-highlight-grow-left text-decoration-default\"   >  <strong>Pulizia del tartaro dentale (detartrasi)<\/strong><\/p>\n<p align=\"justify\">Non lasciare che il tartaro offuschi il tuo sorriso\u2026<\/p>\n<p align=\"justify\">Il tartaro dentale \u00e8 una delle patologie orali pi\u00f9 comuni. In base all\u2019alimentazione, alla struttura dei denti e alle abitudini di igiene orale, la formazione del tartaro pu\u00f2 creare un aspetto che porta a esitare nel sorridere. Inoltre, essendo un possibile segnale di alcune malattie dentali, la sua rimozione \u00e8 in realt\u00e0 un\u2019operazione molto semplice. Ti invitiamo a sottoporti a controlli odontoiatrici regolari per una pulizia profonda eseguita con diversi metodi.<\/p>\n<p align=\"justify\">La pulizia del tartaro consiste nella rimozione dalla superficie dello smalto dentale dello strato di tartaro formatosi a causa dei minerali presenti nella saliva e della placca accumulata sui denti. Il tartaro si forma quando la placca batterica depositata sui denti si indurisce per effetto dei minerali salivari.<\/p>\n<p><strong>Immagini relative al nostro servizio di trattamento<\/strong><br \/>\n<\/p><\/div>[vc_single_image image=&#8221;1281&#8243;]<\/div><\/div>\n<\/div>\n[\/vc_column][\/vc_row]<\/p>\n","protected":false},"excerpt":{"rendered":"<p>[vc_row css=&#8221;.vc_custom_1691654650261{background-image: url(https:\/\/sengelclinics.com\/wp-content\/uploads\/2023\/02\/tedavi-ust.jpg?id=866) !important;}&#8221; row_hide=&#8221;hidden-xs hidden-sm&#8221;][vc_column css=&#8221;.vc_custom_1675671306875{padding-top: 20vh !important;padding-bottom: 20vh !important;}&#8221;][\/vc_column][\/vc_row][vc_row bg_position=&#8221;center center&#8221; css=&#8221;.vc_custom_1691654665735{background-image: url(https:\/\/sengelclinics.com\/wp-content\/uploads\/2023\/08\/iltisim-banner-alt-mobil.jpg?id=2774) !important;}&#8221; row_hide=&#8221;hidden-md hidden-lg&#8221;][vc_column css=&#8221;.vc_custom_1675671306875{padding-top: 20vh !important;padding-bottom: 20vh !important;}&#8221;][\/vc_column][\/vc_row][vc_row responsive_css=&#8221;padding_top_medium:40px|padding_bottom_medium:55px&#8221; css=&#8221;.vc_custom_1621614063873{padding-top: 30px !important;padding-bottom: 30px !important;}&#8221; el_id=&#8221;investment-plans&#8221;][vc_column][\/vc_column][\/vc_row]<\/p>\n","protected":false},"author":1,"featured_media":0,"parent":0,"menu_order":0,"comment_status":"closed","ping_status":"closed","template":"","meta":{"footnotes":""},"class_list":["post-3919","page","type-page","status-publish","hentry"],"_links":{"self":[{"href":"https:\/\/sengelclinics.com\/it\/wp-json\/wp\/v2\/pages\/3919","targetHints":{"allow":["GET"]}}],"collection":[{"href":"https:\/\/sengelclinics.com\/it\/wp-json\/wp\/v2\/pages"}],"about":[{"href":"https:\/\/sengelclinics.com\/it\/wp-json\/wp\/v2\/types\/page"}],"author":[{"embeddable":true,"href":"https:\/\/sengelclinics.com\/it\/wp-json\/wp\/v2\/users\/1"}],"replies":[{"embeddable":true,"href":"https:\/\/sengelclinics.com\/it\/wp-json\/wp\/v2\/comments?post=3919"}],"version-history":[{"count":5,"href":"https:\/\/sengelclinics.com\/it\/wp-json\/wp\/v2\/pages\/3919\/revisions"}],"predecessor-version":[{"id":4045,"href":"https:\/\/sengelclinics.com\/it\/wp-json\/wp\/v2\/pages\/3919\/revisions\/4045"}],"wp:attachment":[{"href":"https:\/\/sengelclinics.com\/it\/wp-json\/wp\/v2\/media?parent=3919"}],"curies":[{"name":"wp","href":"https:\/\/api.w.org\/{rel}","templated":true}]}}